{"id":107,"date":"2017-05-30T23:17:09","date_gmt":"2017-05-30T23:17:09","guid":{"rendered":"http:\/\/www.journalquality.info\/es\/?page_id=107"},"modified":"2017-07-25T10:18:04","modified_gmt":"2017-07-25T10:18:04","slug":"sin-estrellas","status":"publish","type":"page","link":"https:\/\/www.journalquality.info\/es\/jpps-criteria\/sin-estrellas\/","title":{"rendered":"Sin Estrellas"},"content":{"rendered":"<p>Una revista que no cumple con los requisitos b\u00e1sicos de una revista con una estrella. Esto podr\u00eda ser una revista diario legado que fue aceptado en el JOL antes de que se aplicaran los criterios de selecci\u00f3n m\u00e1s rigurosos, o puede ser una revista que no ha mantenido las pr\u00e1cticas de publicaci\u00f3n y est\u00e1ndares b\u00e1sicos requeridos.<\/p>\n<p>Las revistas sin estrellas generalmente se mantienen en l\u00ednea porque son parte del expediente acad\u00e9mico.<\/p>\n","protected":false},"excerpt":{"rendered":"<p>Una revista que no cumple con los requisitos b\u00e1sicos de una revista con una estrella. Esto podr\u00eda ser una revista diario legado que fue aceptado en el JOL antes de que se aplicaran los criterios de selecci\u00f3n m\u00e1s rigurosos, o puede ser una revista que no ha mantenido las pr\u00e1cticas de publicaci\u00f3n y est\u00e1ndares b\u00e1sicos &hellip; <a href=\"https:\/\/www.journalquality.info\/es\/jpps-criteria\/sin-estrellas\/\" class=\"more-link\">Continue reading<span class=\"screen-reader-text\"> &#8220;Sin Estrellas&#8221;<\/span><\/a><\/p>\n","protected":false},"author":1,"featured_media":204,"parent":49,"menu_order":6,"comment_status":"closed","ping_status":"closed","template":"","meta":{"footnotes":""},"class_list":["post-107","page","type-page","status-publish","has-post-thumbnail","hentry"],"_links":{"self":[{"href":"https:\/\/www.journalquality.info\/es\/wp-json\/wp\/v2\/pages\/107","targetHints":{"allow":["GET"]}}],"collection":[{"href":"https:\/\/www.journalquality.info\/es\/wp-json\/wp\/v2\/pages"}],"about":[{"href":"https:\/\/www.journalquality.info\/es\/wp-json\/wp\/v2\/types\/page"}],"author":[{"embeddable":true,"href":"https:\/\/www.journalquality.info\/es\/wp-json\/wp\/v2\/users\/1"}],"replies":[{"embeddable":true,"href":"https:\/\/www.journalquality.info\/es\/wp-json\/wp\/v2\/comments?post=107"}],"version-history":[{"count":5,"href":"https:\/\/www.journalquality.info\/es\/wp-json\/wp\/v2\/pages\/107\/revisions"}],"predecessor-version":[{"id":211,"href":"https:\/\/www.journalquality.info\/es\/wp-json\/wp\/v2\/pages\/107\/revisions\/211"}],"up":[{"embeddable":true,"href":"https:\/\/www.journalquality.info\/es\/wp-json\/wp\/v2\/pages\/49"}],"wp:featuredmedia":[{"embeddable":true,"href":"https:\/\/www.journalquality.info\/es\/wp-json\/wp\/v2\/media\/204"}],"wp:attachment":[{"href":"https:\/\/www.journalquality.info\/es\/wp-json\/wp\/v2\/media?parent=107"}],"curies":[{"name":"wp","href":"https:\/\/api.w.org\/{rel}","templated":true}]}}