{"id":16,"date":"2017-05-30T20:55:58","date_gmt":"2017-05-30T20:55:58","guid":{"rendered":"http:\/\/www.journalquality.info\/es\/?page_id=16"},"modified":"2024-03-06T14:38:50","modified_gmt":"2024-03-06T14:38:50","slug":"home","status":"publish","type":"page","link":"https:\/\/www.journalquality.info\/es\/","title":{"rendered":"Un marco para evaluar las pr\u00e1cticas y est\u00e1ndares de publicaci\u00f3n"},"content":{"rendered":"<p>Las revistas acad\u00e9micos en el mundo en desarrollo se enfrentan a retos para ser reconocidas y respetadas en el escenario internacional de la investigaci\u00f3n. Desde 1998, el proyecto Journals Online (JOL) ha establecido una red de plataformas de revistas locales para ayudar a que las revistas del Sur Econ\u00f3mico obtengan una presencia en l\u00ednea y aumenten su visibilidad global. El marco descrito en este documento es una respuesta a la segunda parte del reto: el de aumentar el respeto a las revistas del Sur Econ\u00f3mico.<\/p>\n<p>A menudo se plantean preocupaciones sobre la calidad percibida y la transparencia de los procesos de publicaci\u00f3n de las revistas del Sur Econ\u00f3mico. Esto, a su vez, limita la credibilidad percibida de la investigaci\u00f3n publicada en esas revistas.<\/p>\n<p>El marco de Pr\u00e1cticas y Est\u00e1ndares de Publicaci\u00f3n de Revistas Acad\u00e9micas (JPPS) provee criterios detallados para evaluar la calidad de las pr\u00e1cticas de publicaci\u00f3n de revistas del Sur Econ\u00f3mico y se utiliza inicialamente para evaluar las revistas alojadas en las plataformas de JOL.<\/p>\n<p>Las revistas evaluadas en base a los criterios de JPPS caen en uno de estos seis niveles: t\u00edtulo inactivo; nuevo t\u00edtulo; sin estrellas; una estrella; dos estrellas; y tres estrellas. Los niveles de JPPS asignados cumplen un doble prop\u00f3sito. Para los lectores, proporcionan garant\u00eda de que las revistas cumplen con criterios internacionalmente reconocidos en un nivel particular. A los editores de revistas, la retroalimentaci\u00f3n detallada de la evaluaci\u00f3n de JPPS les ayuda a id entificar formas de mejorar sus pr\u00e1cticas y est\u00e1ndares de publicaci\u00f3n con el fin de lograr un nivel m\u00e1s alto en la pr\u00f3xima evaluaci\u00f3n.<\/p>\n<p>El marco de JPPS fue establecido y es administrado por African Journals Online (AJOL) e INASP.<\/p>\n<div><strong>Glosario de acr\u00f3nimos y t\u00e9rminos utilizados en este documento<\/strong><\/div>\n<div class='jtrt_table_MotherShipContainer'><div class='jtTableContainer jtrespo-scroll  ' ><div class='jtsettingcontainer' style='display:none;position:absolute;left:-9999px;'><textarea data-jtrt-table-id='160' id='jtrt_table_settings_160' cols='30' rows='10'>[[[\"JOL\",\"Journals Online, una plataforma que alojan\\nrevistas publicadas localmente establecidas\\na trav\\u00e9s del proyecto de JOLs de INASP y\\nmanejado por INASP o localmente\"],[\"JPPS\",\"Journal Publishing Practices and Standards \\n(Pr\\u00e1cticas y Est\\u00e1ndares para Publicaci\\u00f3n de\\nRevistas Acad\\u00e9micas)\"],[\"Marco JPPS\",\"Todos los documentos y procesos\\nrelacionados con JPPS, incluyendo este\\ndocumento, el cuestionario de solicitud de la\\nrevista, el cuestionario de evaluaci\\u00f3n, los\\nresultados de la evaluaci\\u00f3n, y los reportes y\\nniveles de evaluaci\\u00f3n de la revista\"],[\"Gu\\u00eda para el marco JPPS\",\"Este documento que describe el marco, sus\\ncriterios y justificaciones\"],[\"Cuestionario de\\nevaluaci\\u00f3n JPPS\",\"El cuestionario utilizado por los asesores\\nde JPPS para evaluar las pr\\u00e1cticas de\\npublicaci\\u00f3n y est\\u00e1ndares de la revista\"],[\"Niveles JPPS\",\"Los niveles que se otorgan a las revistas\\ncomo resultado de la evaluaci\\u00f3n\"],[\"Reportes de\\nevaluaci\\u00f3n JPPS\",\"Los reportes generados para cada\\nrevista durante el proceso\"]],[{\"row\":0,\"col\":0,\"visualRow\":0,\"visualCol\":0,\"prop\":0,\"jtcellstyle\":{\"font-weight\":\"inherit\"}},{\"row\":0,\"col\":1,\"visualRow\":0,\"visualCol\":1,\"prop\":1,\"jtcellstyle\":{\"font-weight\":\"inherit\"}},{\"row\":1,\"col\":0,\"visualRow\":1,\"visualCol\":0,\"prop\":0},{\"row\":1,\"col\":1,\"visualRow\":1,\"visualCol\":1,\"prop\":1},{\"row\":2,\"col\":0,\"visualRow\":2,\"visualCol\":0,\"prop\":0},{\"row\":2,\"col\":1,\"visualRow\":2,\"visualCol\":1,\"prop\":1},{\"row\":3,\"col\":0,\"visualRow\":3,\"visualCol\":0,\"prop\":0},{\"row\":3,\"col\":1,\"visualRow\":3,\"visualCol\":1,\"prop\":1},{\"row\":4,\"col\":0,\"visualRow\":4,\"visualCol\":0,\"prop\":0},{\"row\":4,\"col\":1,\"visualRow\":4,\"visualCol\":1,\"prop\":1},{\"row\":5,\"col\":0,\"visualRow\":5,\"visualCol\":0,\"prop\":0},{\"row\":5,\"col\":1,\"visualRow\":5,\"visualCol\":1,\"prop\":1},{\"row\":6,\"col\":0,\"visualRow\":6,\"visualCol\":0,\"prop\":0},{\"row\":6,\"col\":1,\"visualRow\":6,\"visualCol\":1,\"prop\":1}],[],[]]<\/textarea><textarea data-jtrt-table-id='160' id='jtrt_table_bps_160' cols='30' rows='10'>[]<\/textarea><\/div><table id='jtrt_table_160' data-sorting='false' data-paging='false' data-paging-size='10' data-paging-menu='10,25,50,100' data-filtering='false' data-jtrt-table-id='160' class='jtrt-table  ' ><thead><tr><th>JOL<\/th><th>Journals Online, una plataforma que alojan<br>revistas publicadas localmente establecidas<br>a trav\u00e9s del proyecto de JOLs de INASP y<br>manejado por INASP o localmente<\/th><\/tr><\/thead><tbody><tr><td>JPPS<\/td><td>Journal Publishing Practices and Standards <br>(Pr\u00e1cticas y Est\u00e1ndares para Publicaci\u00f3n de<br>Revistas Acad\u00e9micas)<\/td><\/tr><tr><td>Marco JPPS<\/td><td>Todos los documentos y procesos<br>relacionados con JPPS, incluyendo este<br>documento, el cuestionario de solicitud de la<br>revista, el cuestionario de evaluaci\u00f3n, los<br>resultados de la evaluaci\u00f3n, y los reportes y<br>niveles de evaluaci\u00f3n de la revista<\/td><\/tr><tr><td>Gu\u00eda para el marco JPPS<\/td><td>Este documento que describe el marco, sus<br>criterios y justificaciones<\/td><\/tr><tr><td>Cuestionario de<br>evaluaci\u00f3n JPPS<\/td><td>El cuestionario utilizado por los asesores<br>de JPPS para evaluar las pr\u00e1cticas de<br>publicaci\u00f3n y est\u00e1ndares de la revista<\/td><\/tr><tr><td>Niveles JPPS<\/td><td>Los niveles que se otorgan a las revistas<br>como resultado de la evaluaci\u00f3n<\/td><\/tr><tr><td>Reportes de<br>evaluaci\u00f3n JPPS<\/td><td>Los reportes generados para cada<br>revista durante el proceso<\/td><\/tr><\/tbody><\/table><\/div><\/div>\n","protected":false},"excerpt":{"rendered":"<p>Las revistas acad\u00e9micos en el mundo en desarrollo se enfrentan a retos para ser reconocidas y respetadas en el escenario internacional de la investigaci\u00f3n. Desde 1998, el proyecto Journals Online (JOL) ha establecido una red de plataformas de revistas locales para ayudar a que las revistas del Sur Econ\u00f3mico obtengan una presencia en l\u00ednea y &hellip; <a href=\"https:\/\/www.journalquality.info\/es\/\" class=\"more-link\">Continue reading<span class=\"screen-reader-text\"> &#8220;Un marco para evaluar las pr\u00e1cticas y est\u00e1ndares de publicaci\u00f3n&#8221;<\/span><\/a><\/p>\n","protected":false},"author":1,"featured_media":0,"parent":0,"menu_order":0,"comment_status":"closed","ping_status":"closed","template":"","meta":{"footnotes":""},"class_list":["post-16","page","type-page","status-publish","hentry"],"_links":{"self":[{"href":"https:\/\/www.journalquality.info\/es\/wp-json\/wp\/v2\/pages\/16","targetHints":{"allow":["GET"]}}],"collection":[{"href":"https:\/\/www.journalquality.info\/es\/wp-json\/wp\/v2\/pages"}],"about":[{"href":"https:\/\/www.journalquality.info\/es\/wp-json\/wp\/v2\/types\/page"}],"author":[{"embeddable":true,"href":"https:\/\/www.journalquality.info\/es\/wp-json\/wp\/v2\/users\/1"}],"replies":[{"embeddable":true,"href":"https:\/\/www.journalquality.info\/es\/wp-json\/wp\/v2\/comments?post=16"}],"version-history":[{"count":15,"href":"https:\/\/www.journalquality.info\/es\/wp-json\/wp\/v2\/pages\/16\/revisions"}],"predecessor-version":[{"id":296,"href":"https:\/\/www.journalquality.info\/es\/wp-json\/wp\/v2\/pages\/16\/revisions\/296"}],"wp:attachment":[{"href":"https:\/\/www.journalquality.info\/es\/wp-json\/wp\/v2\/media?parent=16"}],"curies":[{"name":"wp","href":"https:\/\/api.w.org\/{rel}","templated":true}]}}