{"id":17,"date":"2017-05-30T20:55:58","date_gmt":"2017-05-30T20:55:58","guid":{"rendered":"http:\/\/www.journalquality.info\/es\/?page_id=17"},"modified":"2017-06-27T15:16:41","modified_gmt":"2017-06-27T15:16:41","slug":"about","status":"publish","type":"page","link":"https:\/\/www.journalquality.info\/es\/about\/","title":{"rendered":"Acerca de JPPS"},"content":{"rendered":"<h6>La investigaci\u00f3n y el conocimiento generados localmente son fundamentales para abordar los problemas locales de una manera contextualmente relevante. Miles de revistas acad\u00e9micas se publican en el mundo en desarrollo, pero muchas no son ampliamente conocidas en sus pa\u00edses o m\u00e1s all\u00e1.<\/h6>\n<p>Esto significa que estas revistas son dif\u00edciles de descubrir por los lectores &#8211; y por lo tanto los usuarios potenciales &#8211; de la investigaci\u00f3n. Tambi\u00e9n significa que las revistas del Sur Econ\u00f3mico a menudo no est\u00e1n incluidas en las listas de t\u00edtulos para ser consideradas en las decisiones de ascensos, reforzando as\u00ed el predominio de las actividades editoriales de Europa y Norteam\u00e9rica en la comunicaci\u00f3n acad\u00e9mica global. Las revistas del sur econ\u00f3mico est\u00e1n significativamente sub-representadas en las m\u00e9tricas internacionales oficiales. Adem\u00e1s, las revistas leg\u00edtimas, pero desconocidas, del mundo en desarrollo pueden ser etiquetadas err\u00f3neamente como revistas &#8220;depredadoras&#8221; o falsas.<\/p>\n<p>Estos asuntos crean una situaci\u00f3n que no es \u00fatil ni para la publicaci\u00f3n acad\u00e9mica o la erudici\u00f3n del sur econ\u00f3mico ni para la investigaci\u00f3n global.<\/p>\n<p>Adem\u00e1s de que existen sesgos innegables en el sistema editorial global, algunas desigualdades surgen de las diferencias en c\u00f3mo se publica en el Norte y el Sur. En Europa y Am\u00e9rica del Norte, la comunicaci\u00f3n acad\u00e9mica est\u00e1 dominada por grandes editoriales comerciales internacionales. Estas compa\u00f1\u00edas publican cientos o incluso miles de revistas acad\u00e9micas y pueden emplear a miles de personas para administrar, editar, producir y publicar revistas.<\/p>\n<p>En contraste, la mayor\u00eda de las revistas de pa\u00edses en desarrollo son t\u00edtulos independientes, publicados por sociedades de investigaci\u00f3n o por universidades. Los editores y los consejos editoriales supervisan las actividades de la revista, incluyendo las funciones normales de un editor, quien frecuentemente realiza este trabajo fuera de horas laborales y sin remuneraci\u00f3n. Los acad\u00e9micos e incluso los vicerrectores universitarios hacen el trabajo diario de publicaci\u00f3n. Es posible que no est\u00e9n al corriente de todos los est\u00e1ndares, procesos y mejores pr\u00e1cticas involucrados en la publicaci\u00f3n de revistas de investigaci\u00f3n de alta calidad.<\/p>\n<h6>Acerca del proyecto Journals Online y AJOL<\/h6>\n<p>El proyecto Journals Online (JOL) fue establecido por INASP a finales de los a\u00f1o s noventa para rectificar los desaf\u00edos discutidos aqu\u00ed. Las platafor mas de Journals Online tienen como objetivo proporcionar una mayor visibilidad, accesibilidad y calidad a las revistas acad\u00e9micas publicadas en pa\u00edses en desarrollo para que se puedan encontrar, compartir y utilizar m\u00e1s efic azmente los resultados de las investigaciones que se producen en estos pa\u00edses.<\/p>\n<p>El proyecto de JOL implica implantar una plataforma de revistas en l\u00ednea en instituciones existentes en pa\u00edses o regiones en desarrollo. Luego, imparte capacitaci\u00f3n sobre las mejores pr\u00e1cticas de publicaci\u00f3n y otros servicios de apoyo a las revistas de investigaci\u00f3n participantes alojados en las plataformas. El proyecto refuerza la capacidad de la organizaci\u00f3n local para llevar a cabo de manera sostenible este trabajo en curso. En muchos casos, la plataforma JOL proporciona una primera oportunidad para que la investigaci\u00f3n publicada en una revista est\u00e9 disponible en l\u00ednea.<\/p>\n<p>La primera plataforma de JOL fue African Journals Online (AJOL), establecida como piloto en 1998 y lanzada oficialmente en el 2000. Desde el 2005, AJOL ha s ido administrada de forma independiente por un equipo en Sud\u00e1frica y la platafor ma alberga ahora m\u00e1s de 500 revistas. Las plataformas JOL en Vietnam y Filipinas tambi\u00e9n se administran ahora localmente. JOL en Bangladesh, Nepal, Sri Lanka, Centroam\u00e9rica y Mongolia tambi\u00e9n est\u00e1n en proceso de pasar a la administraci\u00f3n local.<\/p>\n<p>Puede encontrar m\u00e1s informaci\u00f3n sobre el proyecto INASP Journals Online en <a href=\"http:\/\/www.inasp.info\/journals-online\">www.inasp.info\/journals-online<\/a>. Puede encontrar m\u00e1s informaci\u00f3n sobre AJOL en <a href=\"http:\/\/www.ajol.info\">www.ajol.info<\/a>.<\/p>\n","protected":false},"excerpt":{"rendered":"<p>La investigaci\u00f3n y el conocimiento generados localmente son fundamentales para abordar los problemas locales de una manera contextualmente relevante. Miles de revistas acad\u00e9micas se publican en el mundo en desarrollo, pero muchas no son ampliamente conocidas en sus pa\u00edses o m\u00e1s all\u00e1. Esto significa que estas revistas son dif\u00edciles de descubrir por los lectores &#8211; &hellip; <a href=\"https:\/\/www.journalquality.info\/es\/about\/\" class=\"more-link\">Continue reading<span class=\"screen-reader-text\"> &#8220;Acerca de JPPS&#8221;<\/span><\/a><\/p>\n","protected":false},"author":1,"featured_media":0,"parent":0,"menu_order":0,"comment_status":"closed","ping_status":"closed","template":"","meta":{"footnotes":""},"class_list":["post-17","page","type-page","status-publish","hentry"],"_links":{"self":[{"href":"https:\/\/www.journalquality.info\/es\/wp-json\/wp\/v2\/pages\/17","targetHints":{"allow":["GET"]}}],"collection":[{"href":"https:\/\/www.journalquality.info\/es\/wp-json\/wp\/v2\/pages"}],"about":[{"href":"https:\/\/www.journalquality.info\/es\/wp-json\/wp\/v2\/types\/page"}],"author":[{"embeddable":true,"href":"https:\/\/www.journalquality.info\/es\/wp-json\/wp\/v2\/users\/1"}],"replies":[{"embeddable":true,"href":"https:\/\/www.journalquality.info\/es\/wp-json\/wp\/v2\/comments?post=17"}],"version-history":[{"count":7,"href":"https:\/\/www.journalquality.info\/es\/wp-json\/wp\/v2\/pages\/17\/revisions"}],"predecessor-version":[{"id":182,"href":"https:\/\/www.journalquality.info\/es\/wp-json\/wp\/v2\/pages\/17\/revisions\/182"}],"wp:attachment":[{"href":"https:\/\/www.journalquality.info\/es\/wp-json\/wp\/v2\/media?parent=17"}],"curies":[{"name":"wp","href":"https:\/\/api.w.org\/{rel}","templated":true}]}}