{"id":230,"date":"2017-09-19T23:08:54","date_gmt":"2017-09-19T23:08:54","guid":{"rendered":"http:\/\/www.journalquality.info\/es\/?page_id=230"},"modified":"2017-09-20T08:28:57","modified_gmt":"2017-09-20T08:28:57","slug":"descargue-el-marco-jpps","status":"publish","type":"page","link":"https:\/\/www.journalquality.info\/es\/about\/descargue-el-marco-jpps\/","title":{"rendered":"Descargue el Marco JPPS"},"content":{"rendered":"<p>Descargue el Marco JPPS en formato PDF:<\/p>\n<ul>\n<li><a href=\"https:\/\/www.journalquality.info\/en\/wp-content\/uploads\/sites\/3\/2017\/09\/INASP-JPPS-Standards-Guide-ENG-Digital.pdf\" target=\"_blank\" rel=\"noopener noreferrer\">Ingl\u00e9s<\/a><\/li>\n<li><a href=\"https:\/\/www.journalquality.info\/en\/wp-content\/uploads\/sites\/3\/2017\/09\/INASP-JPPS-Standards-Guide-FR-Digital.pdf\" target=\"_blank\" rel=\"noopener noreferrer\">Franc\u00e9s<\/a><\/li>\n<li><a href=\"https:\/\/www.journalquality.info\/en\/wp-content\/uploads\/sites\/3\/2017\/09\/INASP-JPPS-Standards-Guide-ESP-Digital.pdf\" target=\"_blank\" rel=\"noopener noreferrer\">Espa\u00f1ol<\/a><\/li>\n<\/ul>\n","protected":false},"excerpt":{"rendered":"<p>Descargue el Marco JPPS en formato PDF: Ingl\u00e9s Franc\u00e9s Espa\u00f1ol<\/p>\n","protected":false},"author":1,"featured_media":0,"parent":17,"menu_order":3,"comment_status":"closed","ping_status":"closed","template":"","meta":{"footnotes":""},"class_list":["post-230","page","type-page","status-publish","hentry"],"_links":{"self":[{"href":"https:\/\/www.journalquality.info\/es\/wp-json\/wp\/v2\/pages\/230","targetHints":{"allow":["GET"]}}],"collection":[{"href":"https:\/\/www.journalquality.info\/es\/wp-json\/wp\/v2\/pages"}],"about":[{"href":"https:\/\/www.journalquality.info\/es\/wp-json\/wp\/v2\/types\/page"}],"author":[{"embeddable":true,"href":"https:\/\/www.journalquality.info\/es\/wp-json\/wp\/v2\/users\/1"}],"replies":[{"embeddable":true,"href":"https:\/\/www.journalquality.info\/es\/wp-json\/wp\/v2\/comments?post=230"}],"version-history":[{"count":7,"href":"https:\/\/www.journalquality.info\/es\/wp-json\/wp\/v2\/pages\/230\/revisions"}],"predecessor-version":[{"id":247,"href":"https:\/\/www.journalquality.info\/es\/wp-json\/wp\/v2\/pages\/230\/revisions\/247"}],"up":[{"embeddable":true,"href":"https:\/\/www.journalquality.info\/es\/wp-json\/wp\/v2\/pages\/17"}],"wp:attachment":[{"href":"https:\/\/www.journalquality.info\/es\/wp-json\/wp\/v2\/media?parent=230"}],"curies":[{"name":"wp","href":"https:\/\/api.w.org\/{rel}","templated":true}]}}