{"id":273,"date":"2018-03-16T11:07:17","date_gmt":"2018-03-16T11:07:17","guid":{"rendered":"http:\/\/www.journalquality.info\/es\/?page_id=273"},"modified":"2018-03-16T11:07:17","modified_gmt":"2018-03-16T11:07:17","slug":"mongoliajol","status":"publish","type":"page","link":"https:\/\/www.journalquality.info\/es\/mongoliajol\/","title":{"rendered":"MongoliaJOL"},"content":{"rendered":"  <h1>\r\n    MongoliaJOL    <img decoding=\"async\" src=\"https:\/\/www.journalquality.info\/en\/wp-content\/uploads\/sites\/3\/2017\/12\/mongoliajol.png\" style=\"float:right;height:36px;padding:0 20px 0 8px\">\r\n  <\/h1>\r\n    Los t\u00edtulos que aparecen en esta lista han sido evaluados como parte del marco de Pr\u00e1cticas y Est\u00e1ndares de Publicaci\u00f3n de Revistas (JPPS). Si un t\u00edtulo no aparece en esta lista, no ha sido evaluado oficialmente por JPPS.\r\n  \r\n\r\n\r\n\r\n<br><br>\r\n\r\n<form method=\"get\" action=\"https:\/\/www.journalquality.info\/es\/journals-all\/\">\r\n  Vea t\u00edtulos de JPPS:\r\n  <select name=\"platform\" id=\"platform\" onchange=\"this.form.country_id.value='';this.form.submit();\">\r\n    <option value=\"\">por Platform<\/option>\r\n    <!--option value=\"ajol\" >AJOL<\/option-->\r\n    <option value=\"ajol\" >AJOL<\/option>\r\n    <option value=\"banglajol\" >BanglaJOL<\/option>\r\n    <option value=\"camjol\" >CamJOL<\/option>\r\n    <option value=\"mongoliajol\" selected>MongoliaJOL<\/option>\r\n    <option value=\"nepjol\" >NepJOL<\/option>\r\n    <option value=\"sljol\" >SLJOL<\/option>\r\n  <\/select>\r\n  <select name=\"rating_id\" id=\"rating_id\" onchange=\"this.form.submit();\">\r\n    <option value=\"\">por calificaci\u00f3n de JPPS:<\/option>\r\n    <option value=\"1\" >1 star<\/option>\r\n    <option value=\"2\" >2 stars<\/option>\r\n    <option value=\"3\" >3 stars<\/option>\r\n    <option value=\"4\" >inactive<\/option>\r\n    <option value=\"5\" >new<\/option>\r\n    <option value=\"6\" >no stars<\/option>\r\n    <option value=\"7\" >pending<\/option>\r\n  <\/select>\r\n  <select name=\"country_id\" id=\"country_id\" onchange=\"this.form.platform.value='';this.form.submit();\">\r\n    <option value=\"\">por pa\u00eds<\/option>\n<option value='3'>Algeria<\/option>\n<option value='6'>Angola<\/option>\n<option value='18'>Bangladesh<\/option>\n<option value='23'>Benin<\/option>\n<option value='28'>Botswana<\/option>\n<option value='30'>Brazil<\/option>\n<option value='34'>Burkina Faso<\/option>\n<option value='35'>Burundi<\/option>\n<option value='37'>Cameroon<\/option>\n<option value='38'>Canada<\/option>\n<option value='244'>Congo, Democratic Republic<\/option>\n<option value='49'>Congo, Republic<\/option>\n<option value='52'>C\u00f4te d'Ivoire<\/option>\n<option value='63'>Egypt, Arab Rep.<\/option>\n<option value='64'>El Salvador<\/option>\n<option value='66'>Eritrea<\/option>\n<option value='68'>Ethiopia<\/option>\n<option value='79'>Gambia, The<\/option>\n<option value='82'>Ghana<\/option>\n<option value='95'>Honduras<\/option>\n<option value='110'>Kenya<\/option>\n<option value='119'>Lesotho<\/option>\n<option value='121'>Libya<\/option>\n<option value='127'>Madagascar<\/option>\n<option value='128'>Malawi<\/option>\n<option value='131'>Mali<\/option>\n<option value='136'>Mauritius<\/option>\n<option value='142'>Mongolia<\/option>\n<option value='144'>Morocco<\/option>\n<option value='145'>Mozambique<\/option>\n<option value='149'>Nepal<\/option>\n<option value='154'>Nicaragua<\/option>\n<option value='156'>Nigeria<\/option>\n<option value='177'>Rwanda<\/option>\n<option value='185'>Senegal<\/option>\n<option value='187'>Sierra Leone<\/option>\n<option value='192'>Somalia<\/option>\n<option value='193'>South Africa<\/option>\n<option value='256'>South Sudan<\/option>\n<option value='196'>Sri Lanka<\/option>\n<option value='199'>Sudan<\/option>\n<option value='202'>Swaziland<\/option>\n<option value='208'>Tanzania<\/option>\n<option value='210'>Togo<\/option>\n<option value='214'>Tunisia<\/option>\n<option value='219'>Uganda<\/option>\n<option value='242'>United States<\/option>\n<option value='238'>Zambia<\/option>\n<option value='239'>Zimbabwe<\/option>  <\/select>\r\n<\/form>\r\n\r\n  <br>\r\n  <table border=0>\r\n  <tr>\r\n  <td style=\"width:36px\"><\/td>\r\n  <td style=\"font-weight:bold;text-align:center;vertical-align:bottom;\">T\u00edtulo de la revista<\/td>\r\n  <td style=\"width:150px;font-weight:bold;text-align:center;vertical-align:bottom;\">Calificaci\u00f3n JPPS<\/td>\r\n  <td style=\"width:104px;font-weight:bold;text-align:center\">\u00daltima<br>evaluaci\u00f3n<\/td>\r\n  <\/tr>\r\n\r\n          <tr>\r\n          <td style=\"width:36px\"><img decoding=\"async\" width=\"32\" title=\"Mongolia\" src=\"https:\/\/www.journalquality.info\/journalquality\/img\/iso2\/mn.png\"><\/td>\r\n          <td><a target=\"_blank\" href=\"https:\/\/www.mongoliajol.info\/index.php\/bicct\">Bulletin of Institute of Chemistry and Chemical Technology, Mongolian Academy of Sciences<\/a><\/td>\r\n          <td nowrap><div><a target=\"_blank\" href=\"https:\/\/www.journalquality.info\/en\/jpps-criteria\/no-stars\/\"><img decoding=\"async\" width=\"32\" style=\"float:left\" src=\"https:\/\/www.journalquality.info\/journalquality\/img\/6.png\"><\/a>&nbsp;<a target=\"_blank\" href=\"https:\/\/www.journalquality.info\/en\/jpps-criteria\/no-stars\/\">no stars<\/a><\/div><\/td>\r\n          <td nowrap>Oct 2021<\/td>\r\n          <\/tr>\r\n        \r\n          <tr>\r\n          <td style=\"width:36px\"><img decoding=\"async\" width=\"32\" title=\"Mongolia\" src=\"https:\/\/www.journalquality.info\/journalquality\/img\/iso2\/mn.png\"><\/td>\r\n          <td><a target=\"_blank\" href=\"https:\/\/www.mongoliajol.info\/index.php\/JIS\">Journal of International Studies<\/a><\/td>\r\n          <td nowrap><div><a target=\"_blank\" href=\"https:\/\/www.journalquality.info\/en\/jpps-criteria\/no-stars\/\"><img decoding=\"async\" width=\"32\" style=\"float:left\" src=\"https:\/\/www.journalquality.info\/journalquality\/img\/6.png\"><\/a>&nbsp;<a target=\"_blank\" href=\"https:\/\/www.journalquality.info\/en\/jpps-criteria\/no-stars\/\">no stars<\/a><\/div><\/td>\r\n          <td nowrap>Feb 2020<\/td>\r\n          <\/tr>\r\n        \r\n          <tr>\r\n          <td style=\"width:36px\"><img decoding=\"async\" width=\"32\" title=\"Mongolia\" src=\"https:\/\/www.journalquality.info\/journalquality\/img\/iso2\/mn.png\"><\/td>\r\n          <td><a target=\"_blank\" href=\"https:\/\/www.mongoliajol.info\/index.php\/mgs\">Mongolian Geoscientist<\/a><\/td>\r\n          <td nowrap><div><a target=\"_blank\" href=\"https:\/\/www.journalquality.info\/en\/jpps-criteria\/two-stars\/\"><img decoding=\"async\" width=\"32\" style=\"float:left\" src=\"https:\/\/www.journalquality.info\/journalquality\/img\/2.png\"><\/a>&nbsp;<a target=\"_blank\" href=\"https:\/\/www.journalquality.info\/en\/jpps-criteria\/two-stars\/\">2 stars<\/a><\/div><\/td>\r\n          <td nowrap>Oct 2021<\/td>\r\n          <\/tr>\r\n        \r\n          <tr>\r\n          <td style=\"width:36px\"><img decoding=\"async\" width=\"32\" title=\"Mongolia\" src=\"https:\/\/www.journalquality.info\/journalquality\/img\/iso2\/mn.png\"><\/td>\r\n          <td><a target=\"_blank\" href=\"https:\/\/www.mongoliajol.info\/index.php\/MJAS\">Mongolian Journal of Agricultural Sciences<\/a><\/td>\r\n          <td nowrap><div><a target=\"_blank\" href=\"https:\/\/www.journalquality.info\/en\/jpps-criteria\/one-star\/\"><img decoding=\"async\" width=\"32\" style=\"float:left\" src=\"https:\/\/www.journalquality.info\/journalquality\/img\/1.png\"><\/a>&nbsp;<a target=\"_blank\" href=\"https:\/\/www.journalquality.info\/en\/jpps-criteria\/one-star\/\">1 star<\/a><\/div><\/td>\r\n          <td nowrap>Feb 2021<\/td>\r\n          <\/tr>\r\n        \r\n          <tr>\r\n          <td style=\"width:36px\"><img decoding=\"async\" width=\"32\" title=\"Mongolia\" src=\"https:\/\/www.journalquality.info\/journalquality\/img\/iso2\/mn.png\"><\/td>\r\n          <td><a target=\"_blank\" href=\"https:\/\/www.mongoliajol.info\/index.php\/MJC\">Mongolian Journal of Chemistry<\/a><\/td>\r\n          <td nowrap><div><a target=\"_blank\" href=\"https:\/\/www.journalquality.info\/en\/jpps-criteria\/two-stars\/\"><img decoding=\"async\" width=\"32\" style=\"float:left\" src=\"https:\/\/www.journalquality.info\/journalquality\/img\/2.png\"><\/a>&nbsp;<a target=\"_blank\" href=\"https:\/\/www.journalquality.info\/en\/jpps-criteria\/two-stars\/\">2 stars<\/a><\/div><\/td>\r\n          <td nowrap>May 2019<\/td>\r\n          <\/tr>\r\n        \r\n          <tr>\r\n          <td style=\"width:36px\"><img decoding=\"async\" width=\"32\" title=\"Mongolia\" src=\"https:\/\/www.journalquality.info\/journalquality\/img\/iso2\/mn.png\"><\/td>\r\n          <td><a target=\"_blank\" href=\"https:\/\/www.mongoliajol.info\/index.php\/MJIA\">Mongolian Journal of International Affairs<\/a><\/td>\r\n          <td nowrap><div><a target=\"_blank\" href=\"https:\/\/www.journalquality.info\/en\/jpps-criteria\/no-stars\/\"><img decoding=\"async\" width=\"32\" style=\"float:left\" src=\"https:\/\/www.journalquality.info\/journalquality\/img\/6.png\"><\/a>&nbsp;<a target=\"_blank\" href=\"https:\/\/www.journalquality.info\/en\/jpps-criteria\/no-stars\/\">no stars<\/a><\/div><\/td>\r\n          <td nowrap>Dec 2018<\/td>\r\n          <\/tr>\r\n        \r\n          <tr>\r\n          <td style=\"width:36px\"><img decoding=\"async\" width=\"32\" title=\"Mongolia\" src=\"https:\/\/www.journalquality.info\/journalquality\/img\/iso2\/mn.png\"><\/td>\r\n          <td><a target=\"_blank\" href=\"https:\/\/www.mongoliajol.info\/index.php\/PMAS\">Proceedings of the Mongolian Academy of Sciences<\/a><\/td>\r\n          <td nowrap><div><a target=\"_blank\" href=\"https:\/\/www.journalquality.info\/en\/jpps-criteria\/two-stars\/\"><img decoding=\"async\" width=\"32\" style=\"float:left\" src=\"https:\/\/www.journalquality.info\/journalquality\/img\/2.png\"><\/a>&nbsp;<a target=\"_blank\" href=\"https:\/\/www.journalquality.info\/en\/jpps-criteria\/two-stars\/\">2 stars<\/a><\/div><\/td>\r\n          <td nowrap>Feb 2021<\/td>\r\n          <\/tr>\r\n        <\/table>\n","protected":false},"excerpt":{"rendered":"","protected":false},"author":1,"featured_media":0,"parent":0,"menu_order":0,"comment_status":"closed","ping_status":"closed","template":"","meta":{"footnotes":""},"class_list":["post-273","page","type-page","status-publish","hentry"],"_links":{"self":[{"href":"https:\/\/www.journalquality.info\/es\/wp-json\/wp\/v2\/pages\/273","targetHints":{"allow":["GET"]}}],"collection":[{"href":"https:\/\/www.journalquality.info\/es\/wp-json\/wp\/v2\/pages"}],"about":[{"href":"https:\/\/www.journalquality.info\/es\/wp-json\/wp\/v2\/types\/page"}],"author":[{"embeddable":true,"href":"https:\/\/www.journalquality.info\/es\/wp-json\/wp\/v2\/users\/1"}],"replies":[{"embeddable":true,"href":"https:\/\/www.journalquality.info\/es\/wp-json\/wp\/v2\/comments?post=273"}],"version-history":[{"count":1,"href":"https:\/\/www.journalquality.info\/es\/wp-json\/wp\/v2\/pages\/273\/revisions"}],"predecessor-version":[{"id":274,"href":"https:\/\/www.journalquality.info\/es\/wp-json\/wp\/v2\/pages\/273\/revisions\/274"}],"wp:attachment":[{"href":"https:\/\/www.journalquality.info\/es\/wp-json\/wp\/v2\/media?parent=273"}],"curies":[{"name":"wp","href":"https:\/\/api.w.org\/{rel}","templated":true}]}}