{"id":63,"date":"2017-05-30T22:24:24","date_gmt":"2017-05-30T22:24:24","guid":{"rendered":"http:\/\/www.journalquality.info\/es\/?page_id=63"},"modified":"2017-07-25T10:09:31","modified_gmt":"2017-07-25T10:09:31","slug":"dos-estrellas","status":"publish","type":"page","link":"https:\/\/www.journalquality.info\/es\/jpps-criteria\/dos-estrellas\/","title":{"rendered":"Dos Estrellas"},"content":{"rendered":"<h1>(de tres posibles)<\/h1>\n<p><strong><span class=\"fontstyle0\">Adicionalmente al criterios de nivel <a href=\"http:\/\/www.journalquality.info\/es\/jpps-criteria\/una-estrella\/\">una estrella<\/a> esta revista cumple con otros criterios adicionales de JPPS de pr\u00e1cticas de calidad en la publicaci\u00f3n:<\/span><\/strong><\/p>\n<p><em>NOTA: Estos elementos son adicionales a los criterios del nivel de <a href=\"http:\/\/www.journalquality.info\/es\/jpps-criteria\/una-estrella\/\">una estrella<\/a>.<\/em><\/p>\n<ol>\n<li>La revista tiene una declaraci\u00f3n de pol\u00edtica editorial (incluyendo una explicaci\u00f3n precisa y detallada de la validez de la revisi\u00f3n por pares y los procesos de control de calidad aplicados a todos los manuscritos o textos de autores sometidos a la publicaci\u00f3n).<\/li>\n<li>El encabezado (informaci\u00f3n \u201csobre la revista\u201d) incluye:\n<ul>\n<li>Un eISSN para la versi\u00f3n electr\u00f3nica de la revista registrado con el Centro Internacional de ISSN.<\/li>\n<li>Adem\u00e1s de la informaci\u00f3n de los miembros del Consejo Editorial, incluye informaci\u00f3n actualizada y precisa de cualquier otro \u00f3rgano de supervisi\u00f3n involucrado en la revista, por ejemplo, un Comit\u00e9 Asesor Internacional. Los nombres y t\u00edtulos est\u00e1n escritos en su totalidad, y todas las personas que figuran en la lista est\u00e1n involucradas de manera activa y verificable con la revista; La lista tambi\u00e9n incluye la afiliaci\u00f3n institucional primaria y actualizada (o la conexi\u00f3n con una organizaci\u00f3n m\u00e1s grande, por ejemplo una sociedad o universidad) de cada persona enlistada. NOTA: Los JOLs requieren que las revistas proporcionen detalles de contacto precisos, incluyendo direcciones de correo electr\u00f3nico institucional (y otras) para TODAS las personas que aparecen en el encabezado, como parte del proceso de revisi\u00f3n. Estos datos de contacto no ser\u00e1n puestos a disposici\u00f3n del p\u00fablico por el JOL a menos que la revista \/ editor indique que se haga.<\/li>\n<\/ul>\n<\/li>\n<li>La revista proporciona instrucciones claras y completas a los autores, incluyendo:\n<ul>\n<li>Informaci\u00f3n sobre los derechos de autor (es importante informar a los autores si la revista ser\u00e1 titular de los derechos de autor despu\u00e9s de la publicaci\u00f3n de un art\u00edculo, o si los derechos de autor se mantienen con los autores).<\/li>\n<li>Si la revista cobra a los lectores tarifas de suscripci\u00f3n o cobra a los autores o instituciones los gastos de manejo y publicaci\u00f3n o similares, la cantidad debe estar claramente indicada y disponible en el sitio web de JOL, as\u00ed como en el propio sitio web de la revista (si lo tiene) y en la copia impresa de la revista (si la tiene).<\/li>\n<\/ul>\n<\/li>\n<li>La informaci\u00f3n b\u00e1sica que se muestra en la portada de cada art\u00edculo incluye:\n<ul>\n<li>El t\u00edtulo de la revista; volumen y n\u00famero; n\u00famero de p\u00e1ginas.<\/li>\n<li>Palabras claves de los art\u00edculos.<\/li>\n<li>El DOI del art\u00edculo (digital object identifier, una cadena o conjunto de n\u00fameros que identifica de forma \u00fanica un art\u00edculo publicado).<\/li>\n<\/ul>\n<\/li>\n<li>La revista publica al menos una edici\u00f3n por a\u00f1o y \/ o al menos ocho art\u00edculos al a\u00f1o, y publica las ediciones a tiempo, de acuerdo con la frecuencia de publicaci\u00f3n indicada<\/li>\n<li>La revista tiene una descripci\u00f3n precisa y detallada de su proceso de revisi\u00f3n por pares en a disposici\u00f3n del p\u00fablico en el JOL y en su p\u00e1gina de inicio, si la tiene.<\/li>\n<li>La edici\u00f3n de gram\u00e1tica y estilo proporcionan claridad a los lectores; Los dise\u00f1os son consistentes; las tablas, gr\u00e1ficos e im\u00e1genes son de buena calidad; y el mismo estilo se utiliza constantemente a lo largo de la revista.<\/li>\n<li>La portada de la revista tiene un aspecto profesional o competente (sin im\u00e1genes predise\u00f1adas o im\u00e1genes pre-hechas, o im\u00e1genes de baja calidad).<\/li>\n<li>Si la revista o editorial tiene su propio sitio web o est\u00e1 incluido en sitios web distintos de los JOL (por ejemplo, en un sitio web de la universidad), la calidad del sitio web es buena (tiene un dise\u00f1o profesional y funcional, sin elementos excesivos o im\u00e1genes animadas), y el contenido de la revista est\u00e1 al d\u00eda.<br \/>\n<h5><strong>Recomendaciones<\/strong><\/h5>\n<\/li>\n<li>Se recomienda que la revista tenga instrucciones claras y completas para los revisores pares, que tambi\u00e9n se colocan en el propio sitio web de la revista y \/ o en su p\u00e1gina de inicio del JOL.<\/li>\n<\/ol>\n","protected":false},"excerpt":{"rendered":"<p>(de tres posibles) Adicionalmente al criterios de nivel una estrella esta revista cumple con otros criterios adicionales de JPPS de pr\u00e1cticas de calidad en la publicaci\u00f3n: NOTA: Estos elementos son adicionales a los criterios del nivel de una estrella. La revista tiene una declaraci\u00f3n de pol\u00edtica editorial (incluyendo una explicaci\u00f3n precisa y detallada de la &hellip; <a href=\"https:\/\/www.journalquality.info\/es\/jpps-criteria\/dos-estrellas\/\" class=\"more-link\">Continue reading<span class=\"screen-reader-text\"> &#8220;Dos Estrellas&#8221;<\/span><\/a><\/p>\n","protected":false},"author":1,"featured_media":83,"parent":49,"menu_order":2,"comment_status":"closed","ping_status":"closed","template":"","meta":{"footnotes":""},"class_list":["post-63","page","type-page","status-publish","has-post-thumbnail","hentry"],"_links":{"self":[{"href":"https:\/\/www.journalquality.info\/es\/wp-json\/wp\/v2\/pages\/63","targetHints":{"allow":["GET"]}}],"collection":[{"href":"https:\/\/www.journalquality.info\/es\/wp-json\/wp\/v2\/pages"}],"about":[{"href":"https:\/\/www.journalquality.info\/es\/wp-json\/wp\/v2\/types\/page"}],"author":[{"embeddable":true,"href":"https:\/\/www.journalquality.info\/es\/wp-json\/wp\/v2\/users\/1"}],"replies":[{"embeddable":true,"href":"https:\/\/www.journalquality.info\/es\/wp-json\/wp\/v2\/comments?post=63"}],"version-history":[{"count":5,"href":"https:\/\/www.journalquality.info\/es\/wp-json\/wp\/v2\/pages\/63\/revisions"}],"predecessor-version":[{"id":215,"href":"https:\/\/www.journalquality.info\/es\/wp-json\/wp\/v2\/pages\/63\/revisions\/215"}],"up":[{"embeddable":true,"href":"https:\/\/www.journalquality.info\/es\/wp-json\/wp\/v2\/pages\/49"}],"wp:featuredmedia":[{"embeddable":true,"href":"https:\/\/www.journalquality.info\/es\/wp-json\/wp\/v2\/media\/83"}],"wp:attachment":[{"href":"https:\/\/www.journalquality.info\/es\/wp-json\/wp\/v2\/media?parent=63"}],"curies":[{"name":"wp","href":"https:\/\/api.w.org\/{rel}","templated":true}]}}