{"id":70,"date":"2017-05-30T22:30:25","date_gmt":"2017-05-30T22:30:25","guid":{"rendered":"http:\/\/www.journalquality.info\/es\/?page_id=70"},"modified":"2017-07-25T10:14:57","modified_gmt":"2017-07-25T10:14:57","slug":"tres-estrellas","status":"publish","type":"page","link":"https:\/\/www.journalquality.info\/es\/jpps-criteria\/tres-estrellas\/","title":{"rendered":"Tres Estrellas"},"content":{"rendered":"<h1>(de tres posibles)<\/h1>\n<p><strong>Adem\u00e1s de cumplir con todos los criterios delas revistas con <a href=\"http:\/\/www.journalquality.info\/es\/jpps-criteria\/una-estrella\/\">una estrella<\/a>\u00a0y <a href=\"http:\/\/www.journalquality.info\/es\/jpps-criteria\/dos-estrellas\/\">dos estrellas<\/a>, la revista consistentemente cumple con los siguientes criterios (durante al menos tres a\u00f1os):<\/strong><\/p>\n<ol>\n<li>Inclusi\u00f3n de informaci\u00f3n sobre derechos de autor y licencias en la primera p\u00e1gina de cada art\u00edculo.<\/li>\n<li>Inclusi\u00f3n del ORCID de los autores (para al menos el autor de contacto, pero preferentemente para todos los autores). Consulte <a href=\"https:\/\/orcid.org\/\">orcid.org<\/a> para obtener m\u00e1s informaci\u00f3n sobre ORCIDs.<\/li>\n<li>Informaci\u00f3n sobre el financiamiento obtenido por los autores se muestra en la primera p\u00e1gina de cada art\u00edculo (pero puede estar en la \u00faltima p\u00e1gina).<\/li>\n<li>Las fechas de env\u00edo, aceptaci\u00f3n y publicaci\u00f3n se incluyen en la primera p\u00e1gina de cada art\u00edculo.<\/li>\n<li>Los DOIs de los art\u00edculos referenciados se incluyen en las referencias bibliogr\u00e1ficas de cada art\u00edculo.<\/li>\n<li>En las instrucciones para autores se incluye informaci\u00f3n sobre tarifas de suscripci\u00f3n, cuotas de publicaci\u00f3n o similares. Si no hay cuotas, entonces esto debe ser indicado.<\/li>\n<li>Si la revista tiene su propio sitio web, se incluyen las principales afiliaciones institucionales de su Consejo Editorial completo, as\u00ed como de cualquier otro comit\u00e9, como los comit\u00e9s consultivos.<\/li>\n<li>El Consejo Editorial (y cualquier comit\u00e9 de apoyo) es institucional y geogr\u00e1ficamente diverso (o variado) e idealmente con un buen equilibrio de g\u00e9nero.<\/li>\n<li>La revista tiene una pol\u00edtica claramente establecida sobre los permisos que tienen los autores para depositar el art\u00edculo en un repositorio de acceso abierto personal, institucional, tem\u00e1tico y \/ o de otro tipo, incluyendo si el permiso es para la versi\u00f3n posterior a la publicaci\u00f3n o la versi\u00f3n de pre publicaci\u00f3n del art\u00edculo<\/li>\n<li>La revista implementa, y p\u00fablicamente y transparentemente comparte sus pol\u00edticas sobre la \u00e9tica de la publicaci\u00f3n (c\u00f3digos de conducta de publicaci\u00f3n moral y correcta) y de malas pr\u00e1cticas editoriales en su propio sitio web y en su p\u00e1gina web JOL, incluyendo pol\u00edticas de plagio, violaci\u00f3n de derechos de autor(es), erratas, retracciones, conjuntos de datos, g\u00e9nero, raciales y ling\u00fc\u00edsticas.<\/li>\n<li>La revista carga su propio contenido en la plataforma JOL.<\/li>\n<li>La revista tiene un acuerdo de preservaci\u00f3n digital de archivos con un agente externo, por ejemplo CLOCKSS (una empresa conjunta entre algunos editores y bibliotecas de investigaci\u00f3n para crear un archivo global confiable para almacenar los documentos).<\/li>\n<li>La revista tiene un archivo completo de n\u00fameros anteriores disponible en l\u00ednea (a trav\u00e9s del JOL y \/ o en su propio sitio web).<\/li>\n<li>Se publica menos una edicion y \/ o 10 art\u00edculos por a\u00f1o (preferentemente m\u00e1s).\n<p><strong>Recomendaciones<\/strong><\/li>\n<li>Se recomienda que las revistas incluyan direcciones de correo electr\u00f3nico de contacto y \/ o un enlace a la p\u00e1gina web de la afiliaci\u00f3n principal de cada miembro del Consejo Editorial (conexi\u00f3n a una organizaci\u00f3n m\u00e1s grande, por ejemplo una sociedad o universidad), en la secci\u00f3n &#8220;Acerca de la revista&#8221; del JOL y en el sitio web de la revista, si tiene uno.<\/li>\n<li>Se recomienda fuertemente ser miembros de COPE (Comit\u00e9 de \u00c9tica en Publicaciones) y OASPA (Open Access Scholarly Publishers Association) (para revistas de acceso abierto).<\/li>\n<li>Para que las revistas de acceso abierto obtengan un estatus de tres estrellas de JPPS, se les recomienda que proporcionen evidencia de que cumplen con los requisitos t\u00e9cnicos de DOAJ y los calificadores de sello de DOAJ (vean <a href=\"https:\/\/doaj.org\/application\/new\">doaj.org\/application\/new<\/a>).<\/li>\n<\/ol>\n","protected":false},"excerpt":{"rendered":"<p>(de tres posibles) Adem\u00e1s de cumplir con todos los criterios delas revistas con una estrella\u00a0y dos estrellas, la revista consistentemente cumple con los siguientes criterios (durante al menos tres a\u00f1os): Inclusi\u00f3n de informaci\u00f3n sobre derechos de autor y licencias en la primera p\u00e1gina de cada art\u00edculo. Inclusi\u00f3n del ORCID de los autores (para al menos &hellip; <a href=\"https:\/\/www.journalquality.info\/es\/jpps-criteria\/tres-estrellas\/\" class=\"more-link\">Continue reading<span class=\"screen-reader-text\"> &#8220;Tres Estrellas&#8221;<\/span><\/a><\/p>\n","protected":false},"author":1,"featured_media":79,"parent":49,"menu_order":3,"comment_status":"closed","ping_status":"closed","template":"","meta":{"footnotes":""},"class_list":["post-70","page","type-page","status-publish","has-post-thumbnail","hentry"],"_links":{"self":[{"href":"https:\/\/www.journalquality.info\/es\/wp-json\/wp\/v2\/pages\/70","targetHints":{"allow":["GET"]}}],"collection":[{"href":"https:\/\/www.journalquality.info\/es\/wp-json\/wp\/v2\/pages"}],"about":[{"href":"https:\/\/www.journalquality.info\/es\/wp-json\/wp\/v2\/types\/page"}],"author":[{"embeddable":true,"href":"https:\/\/www.journalquality.info\/es\/wp-json\/wp\/v2\/users\/1"}],"replies":[{"embeddable":true,"href":"https:\/\/www.journalquality.info\/es\/wp-json\/wp\/v2\/comments?post=70"}],"version-history":[{"count":6,"href":"https:\/\/www.journalquality.info\/es\/wp-json\/wp\/v2\/pages\/70\/revisions"}],"predecessor-version":[{"id":216,"href":"https:\/\/www.journalquality.info\/es\/wp-json\/wp\/v2\/pages\/70\/revisions\/216"}],"up":[{"embeddable":true,"href":"https:\/\/www.journalquality.info\/es\/wp-json\/wp\/v2\/pages\/49"}],"wp:featuredmedia":[{"embeddable":true,"href":"https:\/\/www.journalquality.info\/es\/wp-json\/wp\/v2\/media\/79"}],"wp:attachment":[{"href":"https:\/\/www.journalquality.info\/es\/wp-json\/wp\/v2\/media?parent=70"}],"curies":[{"name":"wp","href":"https:\/\/api.w.org\/{rel}","templated":true}]}}