{"id":73,"date":"2017-05-30T22:32:10","date_gmt":"2017-05-30T22:32:10","guid":{"rendered":"http:\/\/www.journalquality.info\/es\/?page_id=73"},"modified":"2017-07-25T10:16:31","modified_gmt":"2017-07-25T10:16:31","slug":"nuevo-titulo","status":"publish","type":"page","link":"https:\/\/www.journalquality.info\/es\/jpps-criteria\/nuevo-titulo\/","title":{"rendered":"Nuevo T\u00edtulo"},"content":{"rendered":"<p><strong>Una nueva revista (Volumen 1, N\u00famero 1 o similar) puede ser aceptada para su inclusi\u00f3n en una plataforma JOL si se la eval\u00faa y se encuentra que cumple con los criterios b\u00e1sicos; s\u00f3lo se le asignar\u00e1 una calificaci\u00f3n de estrellas despu\u00e9s de haber sido publicada continuamente en l\u00ednea con estos criterios durante al menos dos a\u00f1os.<\/strong><\/p>\n<p><em>NOTA: es la responsabilidad de la revista alertar o notificar a JOL de la necesidad de que se le d\u00e9 un estatus de estrella una vez que ha estado publicando por lo menos por dos a\u00f1os, y proporcionar una prueba adecuada de cumplimiento.<\/em><\/p>\n<p>Los criterios b\u00e1sicos de inclusi\u00f3n en un JOL son:<\/p>\n<ol>\n<li>La revista se publica en el pa\u00eds o regi\u00f3n del JOL (la publicaci\u00f3n, el manejo de la revisi\u00f3n por pares, el desarrollo de negocios y la producci\u00f3n se manejan en el pa\u00eds).<\/li>\n<li>La revista publica investigaci\u00f3n original (adem\u00e1s de otro contenido).<\/li>\n<li>La revista tiene un objetivo, un enfoque y un alcance claramente definidos<\/li>\n<li>El encabezado (&#8220;Sobre la revista&#8221;) incluye:\n<ul>\n<li>El t\u00edtulo de la revista.<\/li>\n<li>El ISSN, registrado con el Centro Internacional de ISSN.<\/li>\n<li>El nombre de la editorial, instituci\u00f3n y \/ o sociedad que publica la revista (con todos los datos de contacto pertinentes, incluyendo direcci\u00f3n f\u00edsica, n\u00fameros de tel\u00e9fono, direcciones de correo electr\u00f3nico y direcci\u00f3n del sitio web). Se recomienda que utilicen direcciones de correo electr\u00f3nico oficiales o institucionales en lugar de las direcciones de correo electr\u00f3nico de Yahoo o gmail.<\/li>\n<li>La declaraci\u00f3n de derechos de autor.<\/li>\n<li>La declaraci\u00f3n de licencias (si la revista es de Acceso Abierto, necesita tener una declaraci\u00f3n de licencia oficial, por ejemplo de Creative Commons).<\/li>\n<li>Detalles del Editor y un Consejo Editorial con miembros identificables. Todos los detalles sobre el Editor y Consejo Editorial deben estar actualizados y precisos. Los nombres y t\u00edtulos deben estar escritos en su totalidad, y todas las personas mencionadas deben participar de manera activa y verificable en la revista.<\/li>\n<li>Frecuencia de publicaci\u00f3n claramente indicada (n\u00famero de ediciones publicadas por a\u00f1o, o una explicaci\u00f3n del proceso si la revista est\u00e1 publicando art\u00edculo por art\u00edculo).<\/li>\n<\/ul>\n<\/li>\n<li>La revista proporciona instrucciones claras y completas a los autores, incluyendo:\n<ul>\n<li>Una explicaci\u00f3n de los tipos de manuscritos que la revista considerar\u00e1 publicar.<\/li>\n<li>Una gu\u00eda de estilo detallada (que incluya formato de referencias).<\/li>\n<li>Una descripci\u00f3n de como enviar un art\u00edculo.<\/li>\n<li>Un correo electr\u00f3nico de contacto funcional que se revise frecuentemente.<\/li>\n<\/ul>\n<\/li>\n<li>La informaci\u00f3n b\u00e1sica que se muestra en la primera p\u00e1gina de cada art\u00edculo, ya sea impresa o en l\u00ednea, incluye:\n<ul>\n<li>T\u00edtulo del art\u00edculo.<\/li>\n<li>Nombre(s) de los autor(es).<\/li>\n<li>El abstracto (o resumen, en el caso de las algunas revistas de humanidades).<\/li>\n<\/ul>\n<\/li>\n<li>Todos los art\u00edculos est\u00e1n relacionados con el enfoque y alcance de la revista.<\/li>\n<li>Cada art\u00edculo incluye informaci\u00f3n bibliogr\u00e1fica completa para todas las referencias citadas.<\/li>\n<li>La revista env\u00eda al JOL (u otra plataforma apropiada en el futuro) en forma digital, los t\u00edtulos, los res\u00famenes, las palabras claves de art\u00edculos y PDF del texto completo de los art\u00edculos de cada edici\u00f3n de manera oportuna, inmediatamente despu\u00e9s de la publicaci\u00f3n (o carga su propio contenido, si est\u00e1 capacitado para hacerlo). En el caso de CAMJOL debe mandar todo lo arriba mencionado texto digital en espa\u00f1ol m\u00e1s los t\u00edtulos, los res\u00famenes y las palabras claves en ingl\u00e9s.<\/li>\n<\/ol>\n","protected":false},"excerpt":{"rendered":"<p>Una nueva revista (Volumen 1, N\u00famero 1 o similar) puede ser aceptada para su inclusi\u00f3n en una plataforma JOL si se la eval\u00faa y se encuentra que cumple con los criterios b\u00e1sicos; s\u00f3lo se le asignar\u00e1 una calificaci\u00f3n de estrellas despu\u00e9s de haber sido publicada continuamente en l\u00ednea con estos criterios durante al menos dos &hellip; <a href=\"https:\/\/www.journalquality.info\/es\/jpps-criteria\/nuevo-titulo\/\" class=\"more-link\">Continue reading<span class=\"screen-reader-text\"> &#8220;Nuevo T\u00edtulo&#8221;<\/span><\/a><\/p>\n","protected":false},"author":1,"featured_media":202,"parent":49,"menu_order":4,"comment_status":"closed","ping_status":"closed","template":"","meta":{"footnotes":""},"class_list":["post-73","page","type-page","status-publish","has-post-thumbnail","hentry"],"_links":{"self":[{"href":"https:\/\/www.journalquality.info\/es\/wp-json\/wp\/v2\/pages\/73","targetHints":{"allow":["GET"]}}],"collection":[{"href":"https:\/\/www.journalquality.info\/es\/wp-json\/wp\/v2\/pages"}],"about":[{"href":"https:\/\/www.journalquality.info\/es\/wp-json\/wp\/v2\/types\/page"}],"author":[{"embeddable":true,"href":"https:\/\/www.journalquality.info\/es\/wp-json\/wp\/v2\/users\/1"}],"replies":[{"embeddable":true,"href":"https:\/\/www.journalquality.info\/es\/wp-json\/wp\/v2\/comments?post=73"}],"version-history":[{"count":6,"href":"https:\/\/www.journalquality.info\/es\/wp-json\/wp\/v2\/pages\/73\/revisions"}],"predecessor-version":[{"id":220,"href":"https:\/\/www.journalquality.info\/es\/wp-json\/wp\/v2\/pages\/73\/revisions\/220"}],"up":[{"embeddable":true,"href":"https:\/\/www.journalquality.info\/es\/wp-json\/wp\/v2\/pages\/49"}],"wp:featuredmedia":[{"embeddable":true,"href":"https:\/\/www.journalquality.info\/es\/wp-json\/wp\/v2\/media\/202"}],"wp:attachment":[{"href":"https:\/\/www.journalquality.info\/es\/wp-json\/wp\/v2\/media?parent=73"}],"curies":[{"name":"wp","href":"https:\/\/api.w.org\/{rel}","templated":true}]}}