{"id":75,"date":"2017-05-30T22:33:07","date_gmt":"2017-05-30T22:33:07","guid":{"rendered":"http:\/\/www.journalquality.info\/es\/?page_id=75"},"modified":"2017-07-25T10:17:14","modified_gmt":"2017-07-25T10:17:14","slug":"titulo-inactivo","status":"publish","type":"page","link":"https:\/\/www.journalquality.info\/es\/jpps-criteria\/titulo-inactivo\/","title":{"rendered":"T\u00edtulo Inactivo"},"content":{"rendered":"<p>Esta revista no est\u00e1 actualizada en el JOL. Solo se hospeda el contenido de archivo. Esto podr\u00eda deberse a uno o m\u00e1s de los siguientes:<\/p>\n<ul>\n<li>La revista ha sido tomada por una editorial que radica fuera del \u00e1rea servida por el JOL, por lo que ya no califica para su inclusi\u00f3n.<\/li>\n<li>La revista ya no se publica.<\/li>\n<li>La revista sigue publicandose, pero ha dejado de enviar su contenido a JOL, y JOL no ha podido restablecer el contacto con la revista.<\/li>\n<li>La revista est\u00e1 experimentando un retraso largo en publicar su pr\u00f3xima edici\u00f3n (un a\u00f1o o m\u00e1s).<\/li>\n<\/ul>\n<p><em><strong>NOTA 1:<\/strong> es la responsabilidad de la revista asegurarse de que su entrada en JOL es correcta y est\u00e1 actualizada (incluyendo toda la informaci\u00f3n de contacto de la revista, nombres e informaci\u00f3n de los miembros del consejo editorial) y que el contenido publicado m\u00e1s recientemente est\u00e1 disponible en el JOL. <\/em><\/p>\n<p><em><strong>NOTA 2:<\/strong> incluso si una revista ha dejado de publicarse en su totalidad o ha sido adquirido por un editor extranjero, el contenido de archivo podr\u00eda seguir siendo de utilidad para la comunidad internacional de investigaci\u00f3n, por lo que ese contenido normalmente se mantiene en el JOL. <\/em><\/p>\n<p><em><strong>NOTA 3:<\/strong> si la revista entra en un acuerdo de co-publicaci\u00f3n con una editorial internacional de tal manera que el control editorial y la mayor parte de la direcci\u00f3n de la revista, incluido el control de la revisi\u00f3n de pares de la revista, se quedon dentro de pa\u00eds, pueda permanecer en el JOL.<\/em><\/p>\n","protected":false},"excerpt":{"rendered":"<p>Esta revista no est\u00e1 actualizada en el JOL. Solo se hospeda el contenido de archivo. Esto podr\u00eda deberse a uno o m\u00e1s de los siguientes: La revista ha sido tomada por una editorial que radica fuera del \u00e1rea servida por el JOL, por lo que ya no califica para su inclusi\u00f3n. La revista ya no &hellip; <a href=\"https:\/\/www.journalquality.info\/es\/jpps-criteria\/titulo-inactivo\/\" class=\"more-link\">Continue reading<span class=\"screen-reader-text\"> &#8220;T\u00edtulo Inactivo&#8221;<\/span><\/a><\/p>\n","protected":false},"author":1,"featured_media":200,"parent":49,"menu_order":5,"comment_status":"closed","ping_status":"closed","template":"","meta":{"footnotes":""},"class_list":["post-75","page","type-page","status-publish","has-post-thumbnail","hentry"],"_links":{"self":[{"href":"https:\/\/www.journalquality.info\/es\/wp-json\/wp\/v2\/pages\/75","targetHints":{"allow":["GET"]}}],"collection":[{"href":"https:\/\/www.journalquality.info\/es\/wp-json\/wp\/v2\/pages"}],"about":[{"href":"https:\/\/www.journalquality.info\/es\/wp-json\/wp\/v2\/types\/page"}],"author":[{"embeddable":true,"href":"https:\/\/www.journalquality.info\/es\/wp-json\/wp\/v2\/users\/1"}],"replies":[{"embeddable":true,"href":"https:\/\/www.journalquality.info\/es\/wp-json\/wp\/v2\/comments?post=75"}],"version-history":[{"count":3,"href":"https:\/\/www.journalquality.info\/es\/wp-json\/wp\/v2\/pages\/75\/revisions"}],"predecessor-version":[{"id":177,"href":"https:\/\/www.journalquality.info\/es\/wp-json\/wp\/v2\/pages\/75\/revisions\/177"}],"up":[{"embeddable":true,"href":"https:\/\/www.journalquality.info\/es\/wp-json\/wp\/v2\/pages\/49"}],"wp:featuredmedia":[{"embeddable":true,"href":"https:\/\/www.journalquality.info\/es\/wp-json\/wp\/v2\/media\/200"}],"wp:attachment":[{"href":"https:\/\/www.journalquality.info\/es\/wp-json\/wp\/v2\/media?parent=75"}],"curies":[{"name":"wp","href":"https:\/\/api.w.org\/{rel}","templated":true}]}}