{"id":107,"date":"2017-05-30T23:17:09","date_gmt":"2017-05-30T23:17:09","guid":{"rendered":"http:\/\/www.journalquality.info\/fr\/?page_id=107"},"modified":"2017-07-25T09:43:48","modified_gmt":"2017-07-25T09:43:48","slug":"aucune-etoiles","status":"publish","type":"page","link":"https:\/\/www.journalquality.info\/fr\/jpps-criteria\/aucune-etoiles\/","title":{"rendered":"Aucune \u00c9toiles"},"content":{"rendered":"<p>Une revue qui ne r\u00e9pond pas aux exigences fondamentales pr\u00e9vues pour une revue \u00e0 <a href=\"http:\/\/www.journalquality.info\/fr\/jpps-criteria\/une-etoile\/\">une \u00e9toile<\/a>. Il pourrait s\u2019agir d\u2019une revue h\u00e9rit\u00e9e qui a \u00e9t\u00e9 accept\u00e9e dans le JOL avant la mise en oeuvre des crit\u00e8res de s\u00e9lection plus rigoureux ou peut-\u00eatre une revue qui n&rsquo;a pas conserv\u00e9 les pratiques et les normes d&rsquo;\u00e9dition de base requises.<\/p>\n<p>Les revues sans \u00e9toile sont g\u00e9n\u00e9ralement maintenues en ligne car elles font partie d\u2019un contenu acad\u00e9mique.<\/p>\n","protected":false},"excerpt":{"rendered":"<p>Une revue qui ne r\u00e9pond pas aux exigences fondamentales pr\u00e9vues pour une revue \u00e0 une \u00e9toile. Il pourrait s\u2019agir d\u2019une revue h\u00e9rit\u00e9e qui a \u00e9t\u00e9 accept\u00e9e dans le JOL avant la mise en oeuvre des crit\u00e8res de s\u00e9lection plus rigoureux ou peut-\u00eatre une revue qui n&rsquo;a pas conserv\u00e9 les pratiques et les normes d&rsquo;\u00e9dition de &hellip; <a href=\"https:\/\/www.journalquality.info\/fr\/jpps-criteria\/aucune-etoiles\/\" class=\"more-link\">Continue reading<span class=\"screen-reader-text\"> &laquo;&nbsp;Aucune \u00c9toiles&nbsp;&raquo;<\/span><\/a><\/p>\n","protected":false},"author":1,"featured_media":210,"parent":49,"menu_order":6,"comment_status":"closed","ping_status":"closed","template":"","meta":{"footnotes":""},"class_list":["post-107","page","type-page","status-publish","has-post-thumbnail","hentry"],"_links":{"self":[{"href":"https:\/\/www.journalquality.info\/fr\/wp-json\/wp\/v2\/pages\/107","targetHints":{"allow":["GET"]}}],"collection":[{"href":"https:\/\/www.journalquality.info\/fr\/wp-json\/wp\/v2\/pages"}],"about":[{"href":"https:\/\/www.journalquality.info\/fr\/wp-json\/wp\/v2\/types\/page"}],"author":[{"embeddable":true,"href":"https:\/\/www.journalquality.info\/fr\/wp-json\/wp\/v2\/users\/1"}],"replies":[{"embeddable":true,"href":"https:\/\/www.journalquality.info\/fr\/wp-json\/wp\/v2\/comments?post=107"}],"version-history":[{"count":7,"href":"https:\/\/www.journalquality.info\/fr\/wp-json\/wp\/v2\/pages\/107\/revisions"}],"predecessor-version":[{"id":220,"href":"https:\/\/www.journalquality.info\/fr\/wp-json\/wp\/v2\/pages\/107\/revisions\/220"}],"up":[{"embeddable":true,"href":"https:\/\/www.journalquality.info\/fr\/wp-json\/wp\/v2\/pages\/49"}],"wp:featuredmedia":[{"embeddable":true,"href":"https:\/\/www.journalquality.info\/fr\/wp-json\/wp\/v2\/media\/210"}],"wp:attachment":[{"href":"https:\/\/www.journalquality.info\/fr\/wp-json\/wp\/v2\/media?parent=107"}],"curies":[{"name":"wp","href":"https:\/\/api.w.org\/{rel}","templated":true}]}}