{"id":16,"date":"2017-05-30T20:55:58","date_gmt":"2017-05-30T20:55:58","guid":{"rendered":"http:\/\/www.journalquality.info\/fr\/?page_id=16"},"modified":"2024-03-06T14:39:51","modified_gmt":"2024-03-06T14:39:51","slug":"home","status":"publish","type":"page","link":"https:\/\/www.journalquality.info\/fr\/","title":{"rendered":"Un cadre pour \u00e9valuer les pratiques et les normes d&rsquo;\u00e9dition"},"content":{"rendered":"<p>Pour \u00eatre connues et reconnues dans la sph\u00e8re internationale de la recherche, les revues dans le monde en d\u00e9veloppement font face \u00e0 de v\u00e9ritables d\u00e9fis. Depuis 1998, le projet \u2018Journals Online\u2019 \u2013 JOL, ou revues en ligne a tiss\u00e9 un r\u00e9seau de plateformes de revues locales pour aider les revues du Sud \u00e0 acc\u00e9der \u00e0 une pr\u00e9sence en ligne et \u00e0 accro\u00eetre leur visibilit\u00e9 mondiale. Le cadre d\u00e9crit dans ce document est une r\u00e9ponse \u00e0 la deuxi\u00e8me partie du d\u00e9fi, \u00e0 savoir une plus grande reconnaissance des revues du Sud.<\/p>\n<p>Des doutes sont souvent formul\u00e9s sur la qualit\u00e9 per\u00e7ue et sur la transparence des processus de publication des revues du Sud. Ce qui, en retour, limite la cr\u00e9dibilit\u00e9 per\u00e7ue de la recherche publi\u00e9e dans ces revues.<\/p>\n<p>Le cadre dans lequel s&rsquo;inscrivent les Pratiques et les Normes pour la Publication dans les Revues (JPPS) fournit des crit\u00e8res d&rsquo;\u00e9valuation d\u00e9taill\u00e9s pour la qualit\u00e9 des pratiques d&rsquo;\u00e9dition des revues du Sud et est utilis\u00e9 initialement pour \u00e9valuer les revues h\u00e9berg\u00e9es sur les plates-formes JOL.<\/p>\n<p>Les revues \u00e9valu\u00e9es dans le cadre des crit\u00e8res du JPPS se voient attribuer l&rsquo;un des six qualificatifs suivants : titre inactif ; nouveau titre ; aucune \u00e9toile ; une \u00e9toile ; deux \u00e9toiles ; trois \u00e9toiles. L&rsquo;int\u00e9r\u00eat d&rsquo;attribuer ces qualificatifs ou niveaux de JPPS r\u00e9pond \u00e0 un double objectif. Pour les lecteurs, ils garantissent que les revues r\u00e9pondent \u00e0 un ensemble de crit\u00e8res reconnus \u00e0 l&rsquo;\u00e9chelle internationale et cela \u00e0 un niveau particulier. Pour les \u00e9diteurs de revues, les commentaires d\u00e9taill\u00e9s de l&rsquo;\u00e9valuation JPPS leur permettent d&rsquo;identifier les moyens d&rsquo;am\u00e9liorer leurs pratiques et normes d&rsquo;\u00e9dition en vue d&rsquo;atteindre un niveau sup\u00e9rieur pour l&rsquo;\u00e9valuation suivante.<\/p>\n<p>Le cadre JPPS a \u00e9t\u00e9 \u00e9tabli et est g\u00e9r \u00e9 par African Journals Online (AJOL) et l&rsquo;INASP.<\/p>\n<h3>Glossaire des acronymes et termes utilis\u00e9s dans ce document<\/h3>\n<div class='jtrt_table_MotherShipContainer'><div class='jtTableContainer jtrespo-scroll  ' ><div class='jtsettingcontainer' style='display:none;position:absolute;left:-9999px;'><textarea data-jtrt-table-id='193' id='jtrt_table_settings_193' cols='30' rows='10'>[[[\"\",\"\"],[\"JOL\",\"Journals Online, une plateforme pour\\nl\\u2019h\\u00e9bergement de recherches publi\\u00e9es\\nlocalement \\u00e0 travers le projet en ligne\\nINASP et g\\u00e9r\\u00e9e par INASP, AJOL et\\nd'autres partenaires\"],[\"JPPS\",\"Journal Publishing Practices and Standards\\n(Pratiques et Normes pour la Publication\\ndans les Revues)\"],[\"Cadre JPPS\",\"L'ensemble de la documentation et les\\nprocessus relatifs au JPPS, y compris ce\\ndocument, le questionnaire portant sur la\\ncandidature de la revue, le questionnaire\\nd\\u2019\\u00e9valuation, les r\\u00e9sultats de l\\u2019\\u00e9valuation,\\nles rapports d\\u2019\\u00e9valuation et les niveaux\\nde la revue\"],[\"Guide du JPPS\",\"Le pr\\u00e9sent document pr\\u00e9sentant le cadre,\\nla justification et les crit\\u00e8res\"],[\"Questionnaire\\nd\\u2019\\u00e9valuation JPPS\",\"Questionnaire employ\\u00e9 par les \\u00e9valuateurs\\nJPPS pour \\u00e9valuer les pratiques et les\\nstandards d\\u2019\\u00e9dition de la revue\"],[\"Niveaux JPPS\",\"Les niveaux attribu\\u00e9s \\u00e0 une revue suite \\u00e0\\nune \\u00e9valuation\"],[\"Rapport d\\u2019\\u00e9valuation JPPS\",\"Les rapports sp\\u00e9cifiques g\\u00e9n\\u00e9r\\u00e9s au cours\\ndu processus pour l\\u2019\\u00e9valuation des revues\"]],[{\"row\":0,\"col\":0,\"visualRow\":0,\"visualCol\":0,\"prop\":0},{\"row\":0,\"col\":1,\"visualRow\":0,\"visualCol\":1,\"prop\":1},{\"row\":1,\"col\":0,\"visualRow\":1,\"visualCol\":0,\"prop\":0},{\"row\":1,\"col\":1,\"visualRow\":1,\"visualCol\":1,\"prop\":1},{\"row\":2,\"col\":0,\"visualRow\":2,\"visualCol\":0,\"prop\":0},{\"row\":2,\"col\":1,\"visualRow\":2,\"visualCol\":1,\"prop\":1},{\"row\":3,\"col\":0,\"visualRow\":3,\"visualCol\":0,\"prop\":0},{\"row\":3,\"col\":1,\"visualRow\":3,\"visualCol\":1,\"prop\":1},{\"row\":4,\"col\":0,\"visualRow\":4,\"visualCol\":0,\"prop\":0},{\"row\":4,\"col\":1,\"visualRow\":4,\"visualCol\":1,\"prop\":1},{\"row\":5,\"col\":0,\"visualRow\":5,\"visualCol\":0,\"prop\":0},{\"row\":5,\"col\":1,\"visualRow\":5,\"visualCol\":1,\"prop\":1},{\"row\":6,\"col\":0,\"visualRow\":6,\"visualCol\":0,\"prop\":0},{\"row\":6,\"col\":1,\"visualRow\":6,\"visualCol\":1,\"prop\":1},{\"row\":7,\"col\":0,\"visualRow\":7,\"visualCol\":0,\"prop\":0},{\"row\":7,\"col\":1,\"visualRow\":7,\"visualCol\":1,\"prop\":1}],[],[]]<\/textarea><textarea data-jtrt-table-id='193' id='jtrt_table_bps_193' cols='30' rows='10'>[]<\/textarea><\/div><table id='jtrt_table_193' data-sorting='false' data-paging='false' data-paging-size='10' data-paging-menu='10,25,50,100' data-filtering='false' data-jtrt-table-id='193' class='jtrt-table  ' ><thead><tr><th><\/th><th><\/th><\/tr><\/thead><tbody><tr><td>JOL<\/td><td>Journals Online, une plateforme pour<br>l\u2019h\u00e9bergement de recherches publi\u00e9es<br>localement \u00e0 travers le projet en ligne<br>INASP et g\u00e9r\u00e9e par INASP, AJOL et<br>d'autres partenaires<\/td><\/tr><tr><td>JPPS<\/td><td>Journal Publishing Practices and Standards<br>(Pratiques et Normes pour la Publication<br>dans les Revues)<\/td><\/tr><tr><td>Cadre JPPS<\/td><td>L'ensemble de la documentation et les<br>processus relatifs au JPPS, y compris ce<br>document, le questionnaire portant sur la<br>candidature de la revue, le questionnaire<br>d\u2019\u00e9valuation, les r\u00e9sultats de l\u2019\u00e9valuation,<br>les rapports d\u2019\u00e9valuation et les niveaux<br>de la revue<\/td><\/tr><tr><td>Guide du JPPS<\/td><td>Le pr\u00e9sent document pr\u00e9sentant le cadre,<br>la justification et les crit\u00e8res<\/td><\/tr><tr><td>Questionnaire<br>d\u2019\u00e9valuation JPPS<\/td><td>Questionnaire employ\u00e9 par les \u00e9valuateurs<br>JPPS pour \u00e9valuer les pratiques et les<br>standards d\u2019\u00e9dition de la revue<\/td><\/tr><tr><td>Niveaux JPPS<\/td><td>Les niveaux attribu\u00e9s \u00e0 une revue suite \u00e0<br>une \u00e9valuation<\/td><\/tr><tr><td>Rapport d\u2019\u00e9valuation JPPS<\/td><td>Les rapports sp\u00e9cifiques g\u00e9n\u00e9r\u00e9s au cours<br>du processus pour l\u2019\u00e9valuation des revues<\/td><\/tr><\/tbody><\/table><\/div><\/div>\n","protected":false},"excerpt":{"rendered":"<p>Pour \u00eatre connues et reconnues dans la sph\u00e8re internationale de la recherche, les revues dans le monde en d\u00e9veloppement font face \u00e0 de v\u00e9ritables d\u00e9fis. Depuis 1998, le projet \u2018Journals Online\u2019 \u2013 JOL, ou revues en ligne a tiss\u00e9 un r\u00e9seau de plateformes de revues locales pour aider les revues du Sud \u00e0 acc\u00e9der \u00e0 &hellip; <a href=\"https:\/\/www.journalquality.info\/fr\/\" class=\"more-link\">Continue reading<span class=\"screen-reader-text\"> &laquo;&nbsp;Un cadre pour \u00e9valuer les pratiques et les normes d&rsquo;\u00e9dition&nbsp;&raquo;<\/span><\/a><\/p>\n","protected":false},"author":1,"featured_media":0,"parent":0,"menu_order":0,"comment_status":"closed","ping_status":"closed","template":"","meta":{"footnotes":""},"class_list":["post-16","page","type-page","status-publish","hentry"],"_links":{"self":[{"href":"https:\/\/www.journalquality.info\/fr\/wp-json\/wp\/v2\/pages\/16","targetHints":{"allow":["GET"]}}],"collection":[{"href":"https:\/\/www.journalquality.info\/fr\/wp-json\/wp\/v2\/pages"}],"about":[{"href":"https:\/\/www.journalquality.info\/fr\/wp-json\/wp\/v2\/types\/page"}],"author":[{"embeddable":true,"href":"https:\/\/www.journalquality.info\/fr\/wp-json\/wp\/v2\/users\/1"}],"replies":[{"embeddable":true,"href":"https:\/\/www.journalquality.info\/fr\/wp-json\/wp\/v2\/comments?post=16"}],"version-history":[{"count":11,"href":"https:\/\/www.journalquality.info\/fr\/wp-json\/wp\/v2\/pages\/16\/revisions"}],"predecessor-version":[{"id":259,"href":"https:\/\/www.journalquality.info\/fr\/wp-json\/wp\/v2\/pages\/16\/revisions\/259"}],"wp:attachment":[{"href":"https:\/\/www.journalquality.info\/fr\/wp-json\/wp\/v2\/media?parent=16"}],"curies":[{"name":"wp","href":"https:\/\/api.w.org\/{rel}","templated":true}]}}