{"id":17,"date":"2017-05-30T20:55:58","date_gmt":"2017-05-30T20:55:58","guid":{"rendered":"http:\/\/www.journalquality.info\/fr\/?page_id=17"},"modified":"2017-06-28T08:33:53","modified_gmt":"2017-06-28T08:33:53","slug":"about","status":"publish","type":"page","link":"https:\/\/www.journalquality.info\/fr\/about\/","title":{"rendered":"\u00c0 propos de JPPS"},"content":{"rendered":"<h6>La recherche et les connaissances g\u00e9n\u00e9r\u00e9es localement sont essentielles pour aborder les probl\u00e8mes locaux de mani\u00e8re contextuellement pertinente. Des milliers de revues sont publi\u00e9es dans le monde en d\u00e9veloppement, mais beaucoup ne sont connues ni dans leur pays, ni au-del\u00e0.<\/h6>\n<p>Cela signifie que ces revues sont moins accessibles aux lecteurs \u2013 et donc aux utilisateurs potentiels \u2013 de la recherche. Cela signifie \u00e9galement que les revues du Sud ne sont g\u00e9n\u00e9ralement pas incluses dans les listes de titres \u00e0 consid\u00e9rer pour la promotion, ce qui renforce la domination de l\u2019\u00e9dition europ\u00e9enne et nord-am\u00e9ricaine dans la communication scientifique universitaire. Les revues du Sud sont nettement sous-repr\u00e9sent\u00e9es dans les statistiques internationales officielles. De plus, des revues l\u00e9gitimes mais peu famili\u00e8res du monde en d\u00e9veloppement peuvent \u00eatre \u00e9tiquet\u00e9es \u00e0 tort comme de fausses revues ou d\u2019\u00e9diteurs pr\u00e9dateurs.<\/p>\n<p>Ces probl\u00e8mes cr\u00e9ent une situation qui n&rsquo;aide ni l\u2019\u00e9dition ou les bourses du Sud, ni la recherche mondiale.<\/p>\n<p>En plus de ces biais ind\u00e9niables dans le syst\u00e8me de publication mondial, certaines in\u00e9galit\u00e9s d\u00e9coulent des diff\u00e9rences dans la mani\u00e8re de publier dans le Nord par rapport au Sud. En Europe et en Am\u00e9rique du Nord, la communication savante est domin\u00e9e par de grandes maisons d&rsquo;\u00e9dition commerciales et internationales. Ces entreprises publient des centaines, voire des milliers, de revues et peuvent employer des milliers de personnes pour g\u00e9rer, \u00e9diter, produire et commercialiser des revues.<\/p>\n<p>En revanche, la plupart des revues des pays en d\u00e9veloppement sont des titres autonomes, publi\u00e9s par des soci\u00e9t\u00e9s savantes ou par des universit\u00e9s. Les \u00e9diteurs et les comit\u00e9s de r\u00e9daction surveillent les activit\u00e9s de la revue, y compris les fonctions normales d&rsquo;un \u00e9diteur, ce qui suppose g\u00e9n\u00e9ralement des t\u00e2ches volontaires et b\u00e9n\u00e9voles r\u00e9alis\u00e9es apr\u00e8s les heures de travail. Les universitaires de carri\u00e8re et m\u00eame les vice-chanceliers de l&rsquo;universit\u00e9 font un travail d&rsquo;\u00e9dition au jour le jour. Ils peuvent ne pas \u00eatre pleinement au fait de toutes les normes, processus et des meilleures pratiques impliqu\u00e9s dans la publication de revues de recherche de haute qualit\u00e9.<\/p>\n<h6>\u00c0 propos du projet Journals Online et AJOL<\/h6>\n<p>Le projet Journals Online (JOL) a \u00e9t\u00e9 cr\u00e9\u00e9 par l\u2019INASP \u00e0 la fin des ann\u00e9es 1990 pour rem\u00e9dier aux probl\u00e8mes expos\u00e9s ci-dessus. Les plateformes en ligne de Journals Online visent \u00e0 fournir une visibilit\u00e9 accrue, une accessibilit\u00e9 et une qualit\u00e9 des revues \u00e9valu\u00e9es par des pairs dans les pays en d\u00e9veloppement afin que les r\u00e9sultats de la recherche r\u00e9alis\u00e9e dans ces pays puissent \u00eatre localis\u00e9s, partag\u00e9s et utilis\u00e9s de mani\u00e8re plus efficace.<\/p>\n<p>Le projet JOL implique l\u2019int\u00e9gration d&rsquo;une plate-forme d&rsquo;h\u00e9bergement de revues en ligne dans les institutions existantes des pays ou r\u00e9gions en d\u00e9veloppement. Il fournit ensuite une formation \u00e0 la publication des meilleures pratiques et d&rsquo;autres services de soutien aux revues de recherche qui participent et qui sont h\u00e9berg\u00e9es sur les plates-formes. Le projet renforce la capacit\u00e9 de l&rsquo;organisation d&rsquo;h\u00e9bergement locale pour lui permettre d\u2019entreprendre elle-m\u00eame et durablement ce travail en cours. Dans de nombr eux cas, la plate-forme JOL constitue une premi\u00e8re opportunit\u00e9 pour la recherche dans une revue qui sera mise \u00e0 disposition en ligne.<\/p>\n<p>La premi\u00e8re plate-forme JOL \u00e9tait African Journals Online (AJOL), \u00e9tablie en tant que pilote en 1998 et lanc\u00e9e officiellement en 2000. Depuis 2005, AJOL a \u00e9t\u00e9 g\u00e9r\u00e9e de mani\u00e8re ind\u00e9pendante par une \u00e9quipe en Afrique du Sud et la plate-forme accueille maintenant plus de 500 revues. Les plates-formes JOL au Vietnam et aux Philippines sont maintenant g\u00e9r\u00e9es localement. Les JOL au Bangladesh, au N\u00e9pal, au Sri Lanka, en Am\u00e9rique centrale et en Mongolie sont \u00e9galement en train de passer \u00e0 la gestion locale.<\/p>\n<p>De plus amples informations sur le projet Journals Online d\u2019INASP peuvent \u00eatre trouv\u00e9es sur <a href=\"http:\/\/www.inasp.info\/journals-online\">www.inasp.info\/journals-online<\/a>. De plus amples informations sur AJOL sont disponibles \u00e0 <a href=\"http:\/\/www.ajol.info\">www.ajol.info<\/a>.<\/p>\n","protected":false},"excerpt":{"rendered":"<p>La recherche et les connaissances g\u00e9n\u00e9r\u00e9es localement sont essentielles pour aborder les probl\u00e8mes locaux de mani\u00e8re contextuellement pertinente. Des milliers de revues sont publi\u00e9es dans le monde en d\u00e9veloppement, mais beaucoup ne sont connues ni dans leur pays, ni au-del\u00e0. Cela signifie que ces revues sont moins accessibles aux lecteurs \u2013 et donc aux utilisateurs &hellip; <a href=\"https:\/\/www.journalquality.info\/fr\/about\/\" class=\"more-link\">Continue reading<span class=\"screen-reader-text\"> &laquo;&nbsp;\u00c0 propos de JPPS&nbsp;&raquo;<\/span><\/a><\/p>\n","protected":false},"author":1,"featured_media":0,"parent":0,"menu_order":0,"comment_status":"closed","ping_status":"closed","template":"","meta":{"footnotes":""},"class_list":["post-17","page","type-page","status-publish","hentry"],"_links":{"self":[{"href":"https:\/\/www.journalquality.info\/fr\/wp-json\/wp\/v2\/pages\/17","targetHints":{"allow":["GET"]}}],"collection":[{"href":"https:\/\/www.journalquality.info\/fr\/wp-json\/wp\/v2\/pages"}],"about":[{"href":"https:\/\/www.journalquality.info\/fr\/wp-json\/wp\/v2\/types\/page"}],"author":[{"embeddable":true,"href":"https:\/\/www.journalquality.info\/fr\/wp-json\/wp\/v2\/users\/1"}],"replies":[{"embeddable":true,"href":"https:\/\/www.journalquality.info\/fr\/wp-json\/wp\/v2\/comments?post=17"}],"version-history":[{"count":8,"href":"https:\/\/www.journalquality.info\/fr\/wp-json\/wp\/v2\/pages\/17\/revisions"}],"predecessor-version":[{"id":173,"href":"https:\/\/www.journalquality.info\/fr\/wp-json\/wp\/v2\/pages\/17\/revisions\/173"}],"wp:attachment":[{"href":"https:\/\/www.journalquality.info\/fr\/wp-json\/wp\/v2\/media?parent=17"}],"curies":[{"name":"wp","href":"https:\/\/api.w.org\/{rel}","templated":true}]}}