{"id":59,"date":"2017-05-30T22:20:32","date_gmt":"2017-05-30T22:20:32","guid":{"rendered":"http:\/\/www.journalquality.info\/fr\/?page_id=59"},"modified":"2017-07-25T10:22:04","modified_gmt":"2017-07-25T10:22:04","slug":"une-etoile","status":"publish","type":"page","link":"https:\/\/www.journalquality.info\/fr\/jpps-criteria\/une-etoile\/","title":{"rendered":"Une \u00c9toile"},"content":{"rendered":"<h1>(sur trois possibles)<\/h1>\n<p><strong>Cette revue s\u2019est conform\u00e9e aux crit\u00e8res JPPS de base (<a href=\"http:\/\/www.journalquality.info\/fr\/jpps-criteria\/nouveau-titre\/\">nouveau titre<\/a>) depuis au moins deux ans:<\/strong><\/p>\n<ol>\n<li>La revue est publi\u00e9e dans le pays ou la r \u00e9gion du JOL (la publication, la gestion de l&rsquo;\u00e9valuation par les pairs, le d\u00e9veloppement commercial et la production sont tous g\u00e9r\u00e9s dans le pays).<\/li>\n<li>La revue publie des recherches originales (en plus d&rsquo;autres contenus).<\/li>\n<li>La revue a un but, un objectif et une port\u00e9e clairement d\u00e9finis.<\/li>\n<li>Le bloc g\u00e9n\u00e9rique ou \u00ab masthead \u00bb (l\u2019information \u00e0 propos de la revue) comprend :\n<ul>\n<li>Le titre de la revue.<\/li>\n<li>L&rsquo;ISSN, enregistr\u00e9 aupr\u00e8s du Centre international ISSN.<\/li>\n<li>Le nom de l&rsquo;\u00e9diteur, de l&rsquo;institution ou de la soci\u00e9t\u00e9 qui publie la revue (avec toutes les coordonn\u00e9es pertinentes, y compris l\u2019adresse physique, les num\u00e9ros de t\u00e9l\u00e9phone, les adresses \u00e9lectroniques et le site web). Les revues sont encourag\u00e9es \u00e0 utiliser des adresses \u00e9lectroniques officielles ou institutionnelles plut\u00f4t que les adresses Yahoo ou Gmail.<\/li>\n<li>La d\u00e9claration de copyright ou propri\u00e9t\u00e9 intellectuelle.<\/li>\n<li>La d\u00e9claration de licence (si la revue est ouverte, i.e., en Open Access, elle doit avoir s\u00e9lectionn\u00e9 une d\u00e9claration de licence officielle, par exemple la licence Creative Commons).<\/li>\n<li>D\u00e9tails concernant l&rsquo;\u00e9diteur et le comit\u00e9 de r\u00e9daction avec des membres identifiables. Tous les d\u00e9tails sur l&rsquo;\u00e9diteur et le comit\u00e9 de r\u00e9daction doivent \u00eatre \u00e0 jour et pr\u00e9cis. Les noms et les titres devraient \u00eatre r\u00e9dig\u00e9s en entier, et toutes les personnes list\u00e9es devraient avoir une activit\u00e9 certaine dans la revue.<\/li>\n<li>Fr\u00e9quence de publication pr\u00e9cise, clairement indiqu\u00e9e (nombre de volumes\/num\u00e9ros publi\u00e9s par an ou explication du processus si la publication se fait article par article).<\/li>\n<\/ul>\n<\/li>\n<li>La revue fournit des instructions claires et compl\u00e8tes aux auteurs, y compris :\n<ul>\n<li>Une explication sur les types de manuscrit que la revue pourrait consid\u00e9rer.<\/li>\n<li>Un guide de style d\u00e9taill\u00e9 (y compris sur les styles \u00e0 utiliser pour les r\u00e9f\u00e9rences).<\/li>\n<li>Une description de la fa\u00e7on de soumettre un article.<\/li>\n<li>Une adresse \u00e9lectronique de contact fonctionnelle et fr\u00e9quemment v\u00e9rifi\u00e9e par la revue.<\/li>\n<\/ul>\n<\/li>\n<li>Les informations de base affich\u00e9es sur la premi\u00e8re page de chaque article, qu&rsquo;il soit imprim\u00e9 ou en ligne, comprennent :\n<ul>\n<li>Le titre de l&rsquo;article.<\/li>\n<li>Le ou les noms de l\u2019auteur ou des auteurs.<\/li>\n<li>Le r\u00e9sum\u00e9, \u00e9ventuellement un abstract en anglais<\/li>\n<\/ul>\n<\/li>\n<li>Tous les articles sont conformes \u00e0 l\u2019objectif et la port\u00e9e de la revue.<\/li>\n<li>Chaque article comprend des informations bibliographiques compl\u00e8tes pour toutes les r\u00e9f\u00e9rences cit\u00e9es.<\/li>\n<li>La revue envoie simultan\u00e9ment les donn\u00e9es num\u00e9riques \u00e0 JOL (ou une autre plate-forme appropri\u00e9e \u00e0 l&rsquo;avenir), \u00e0 savoir une version anglaise (et toute autre langue, en plus) des titres, des r\u00e9sum\u00e9s, des mots-cl\u00e9s et des PDF du texte int\u00e9gral de chaque num\u00e9ro, imm\u00e9diatement apr\u00e8s la publication (ou t\u00e9l\u00e9verse son contenu, si la revue est form\u00e9e pour le faire). Dans le cas des revues en fran\u00e7ais, vous devez envoyer tous les textes num\u00e9riques mentionn\u00e9s ci-dessus en fran\u00e7ais en ajoutant les titres, les r\u00e9sum\u00e9s et les mots cl\u00e9s en anglais.<\/li>\n<li>La revue a fait ses preuves et peut montrer une exp\u00e9rience en mati\u00e8re de publications (d&rsquo;au moins deux ans).<\/li>\n<li>La revue publie au moins un num\u00e9ro par an ou au moins cinq articles par an, et publie les num\u00e9ros \u00e0 temps, conform\u00e9ment \u00e0 la fr\u00e9quence de publication stipul\u00e9e.<\/li>\n<\/ol>\n","protected":false},"excerpt":{"rendered":"<p>(sur trois possibles) Cette revue s\u2019est conform\u00e9e aux crit\u00e8res JPPS de base (nouveau titre) depuis au moins deux ans: La revue est publi\u00e9e dans le pays ou la r \u00e9gion du JOL (la publication, la gestion de l&rsquo;\u00e9valuation par les pairs, le d\u00e9veloppement commercial et la production sont tous g\u00e9r\u00e9s dans le pays). La revue &hellip; <a href=\"https:\/\/www.journalquality.info\/fr\/jpps-criteria\/une-etoile\/\" class=\"more-link\">Continue reading<span class=\"screen-reader-text\"> &laquo;&nbsp;Une \u00c9toile&nbsp;&raquo;<\/span><\/a><\/p>\n","protected":false},"author":1,"featured_media":60,"parent":49,"menu_order":1,"comment_status":"closed","ping_status":"closed","template":"","meta":{"footnotes":""},"class_list":["post-59","page","type-page","status-publish","has-post-thumbnail","hentry"],"_links":{"self":[{"href":"https:\/\/www.journalquality.info\/fr\/wp-json\/wp\/v2\/pages\/59","targetHints":{"allow":["GET"]}}],"collection":[{"href":"https:\/\/www.journalquality.info\/fr\/wp-json\/wp\/v2\/pages"}],"about":[{"href":"https:\/\/www.journalquality.info\/fr\/wp-json\/wp\/v2\/types\/page"}],"author":[{"embeddable":true,"href":"https:\/\/www.journalquality.info\/fr\/wp-json\/wp\/v2\/users\/1"}],"replies":[{"embeddable":true,"href":"https:\/\/www.journalquality.info\/fr\/wp-json\/wp\/v2\/comments?post=59"}],"version-history":[{"count":10,"href":"https:\/\/www.journalquality.info\/fr\/wp-json\/wp\/v2\/pages\/59\/revisions"}],"predecessor-version":[{"id":229,"href":"https:\/\/www.journalquality.info\/fr\/wp-json\/wp\/v2\/pages\/59\/revisions\/229"}],"up":[{"embeddable":true,"href":"https:\/\/www.journalquality.info\/fr\/wp-json\/wp\/v2\/pages\/49"}],"wp:featuredmedia":[{"embeddable":true,"href":"https:\/\/www.journalquality.info\/fr\/wp-json\/wp\/v2\/media\/60"}],"wp:attachment":[{"href":"https:\/\/www.journalquality.info\/fr\/wp-json\/wp\/v2\/media?parent=59"}],"curies":[{"name":"wp","href":"https:\/\/api.w.org\/{rel}","templated":true}]}}