{"id":63,"date":"2017-05-30T22:24:24","date_gmt":"2017-05-30T22:24:24","guid":{"rendered":"http:\/\/www.journalquality.info\/fr\/?page_id=63"},"modified":"2017-07-25T09:49:23","modified_gmt":"2017-07-25T09:49:23","slug":"deux-etoiles","status":"publish","type":"page","link":"https:\/\/www.journalquality.info\/fr\/jpps-criteria\/deux-etoiles\/","title":{"rendered":"Deux \u00c9toiles"},"content":{"rendered":"<h1>(sur trois possibles)<\/h1>\n<p><strong>En plus des crit\u00e8res pour une revue \u00e0 <a href=\"http:\/\/www.journalquality.info\/fr\/jpps-criteria\/une-etoile\/\">une \u00e9toile<\/a>, cette revue se conforme aux crit\u00e8res additionnels JPPS quant \u00e0 la qualit\u00e9 des pratiques de la publication:<\/strong><\/p>\n<p><em>REMARQUE : Ces \u00e9l\u00e9ments s&rsquo;ajoutent aux crit\u00e8res du niveau \u00e0 <a href=\"http:\/\/www.journalquality.info\/fr\/jpps-criteria\/une-etoile\/\">une \u00e9toile<\/a>.<\/em><\/p>\n<ol>\n<li>La revue a \u00e9nonc\u00e9 sa politique \u00e9ditoriale (y compris une explication pr\u00e9cise et d\u00e9taill\u00e9e de la validit\u00e9 de l&rsquo;\u00e9valuation par les pairs et des processus de contr\u00f4le de la qualit\u00e9 appliqu\u00e9s \u00e0 tous les manuscrits ou textes d&rsquo;auteurs soumis pour publication).<\/li>\n<li>L\u2019encadr\u00e9 ou &laquo;&nbsp;masthead&nbsp;&raquo; (information \u00e0 propos de la revue) comprend :\n<ul>\n<li>Un e-ISSN pour la version en ligne de la revue enregistr\u00e9e aupr\u00e8s du Centre international ISSN.<\/li>\n<li>En plus de l&rsquo;information sur les membres du comit\u00e9 de r\u00e9daction, tout autre organisme de surveillance impliqu\u00e9 dans la revue, par exemple un comit\u00e9 consultatif international, sont nomm\u00e9s avec des informations \u00e0 jour et pr\u00e9cises. Les noms et les titres sont r\u00e9dig\u00e9s int\u00e9gralement, et toutes les personnes \u00e9num\u00e9r\u00e9es sont actives dans la revue, ce qui peut \u00eatre v\u00e9rifi\u00e9. La liste comprend \u00e9galement l&rsquo;affiliation institutionnelle principale et \u00e0 jour (ou la connexion avec une plus grande organisation, par exemple une soci\u00e9t\u00e9 ou une universit\u00e9) de chaque personne r\u00e9pertori\u00e9e. REMARQUE : les JOL exigent que les revues fournissent des coordonn\u00e9es pr\u00e9cises, y compris les adresses \u00e9lectroniques institutionnelles (et autres) pour TOUTES les personnes list\u00e9es sur le g\u00e9n\u00e9rique, dans le cadre du processus de r\u00e9vision. Ces d\u00e9tails de contact ne seront pas mis \u00e0 la disposition du public par le JOL, sauf indication contraire de la revue ou de l\u2019\u00e9diteur.<\/li>\n<\/ul>\n<\/li>\n<li>La revue fournit des instructions claires et compl\u00e8tes aux auteurs, y compris:\n<ul>\n<li>Informations sur les droits d&rsquo;auteur (veuillez noter l&rsquo;importance de pr\u00e9ciser aux auteurs si la revue deviendra le titulaire des droits d&rsquo;auteur apr\u00e8s publication d&rsquo;un article ou si les droits d&rsquo;auteur demeurent avec les auteurs).<\/li>\n<li>Si la revue facture des frais d&rsquo;abonnement aux lecteurs ou fait payer des frais de gestion d\u2019articles, de publication ou autres aux auteurs ou aux institutions, les montants devraient \u00eatre clairement indiqu\u00e9s et publiquement disponibles sur le site Web du JOL ainsi que sur le site Web de la revue (si elle en a un) et dans la copie papier de la revue (si elle en a une).<\/li>\n<\/ul>\n<\/li>\n<li>Les informations de base affich\u00e9es sur la premi\u00e8re page de chaque article comprennent :\n<ul>\n<li>Le titre de la revue ; le volume et le num\u00e9ro ; les num\u00e9ros de page.<\/li>\n<li>Mots cl\u00e9s de l&rsquo;article.<\/li>\n<li>Le DOI (digital object identifier ou identificateur d&rsquo;objet num\u00e9rique, qui est une cha\u00eene ou un ensemble de nombres qui identifie de mani\u00e8re unique un article publi\u00e9).<\/li>\n<\/ul>\n<\/li>\n<li>La revue publie au moins un num\u00e9ro par an ou au moins huit articles par an et publie des num\u00e9ros \u00e0 temps, selon la fr\u00e9quence de publication indiqu\u00e9e.<\/li>\n<li>La revue met \u00e0 disposition publiquement une description pr\u00e9cise et d\u00e9taill\u00e9e de son processus d&rsquo;\u00e9valuation par les pairs sur le JOL et sur sa page d&rsquo;accueil, si elle en a une.<\/li>\n<li>Les r\u00e9visions du format et de la langue sont destin\u00e9es \u00e0 faciliter la lecture ; les mises en page sont coh\u00e9rentes ; les tableaux, les graphiques et les images sont de bonne qualit\u00e9 ; et le m\u00eame style est syst\u00e9matiquement utilis\u00e9 dans l\u2019ensemble de la revue.<\/li>\n<li>La couverture de la revue est professionnelle et de qualit\u00e9 (pas de cliparts ou de photos pr\u00e9fabriqu\u00e9es, ni d&rsquo;images de mauvaise qualit\u00e9).<\/li>\n<li>Si la revue ou l&rsquo;\u00e9diteur dispose de son propre site Web ou est inclus sur des sites Web autres que celui du JOL (par exemple, sur un site Web de l&rsquo;universit\u00e9), la qualit\u00e9 du site Web est bonne (avec un design professionnel et fonctionnel, sans scintillement, ni sur-d\u00e9coration et sans images clignotantes) et le contenu de la revue est \u00e0 jour.<br \/>\n<strong><br \/>\nRecommandations<\/strong><\/li>\n<li>Il est vivement conseill\u00e9 que la revue fournisse des instructions claires et compl\u00e8tes aux \u00e9valuateurs, qui sont \u00e9galement indiqu\u00e9es sur le site Web de la revue ou sur la page d&rsquo;accueil du JOL.<\/li>\n<\/ol>\n","protected":false},"excerpt":{"rendered":"<p>(sur trois possibles) En plus des crit\u00e8res pour une revue \u00e0 une \u00e9toile, cette revue se conforme aux crit\u00e8res additionnels JPPS quant \u00e0 la qualit\u00e9 des pratiques de la publication: REMARQUE : Ces \u00e9l\u00e9ments s&rsquo;ajoutent aux crit\u00e8res du niveau \u00e0 une \u00e9toile. La revue a \u00e9nonc\u00e9 sa politique \u00e9ditoriale (y compris une explication pr\u00e9cise et &hellip; <a href=\"https:\/\/www.journalquality.info\/fr\/jpps-criteria\/deux-etoiles\/\" class=\"more-link\">Continue reading<span class=\"screen-reader-text\"> &laquo;&nbsp;Deux \u00c9toiles&nbsp;&raquo;<\/span><\/a><\/p>\n","protected":false},"author":1,"featured_media":83,"parent":49,"menu_order":2,"comment_status":"closed","ping_status":"closed","template":"","meta":{"footnotes":""},"class_list":["post-63","page","type-page","status-publish","has-post-thumbnail","hentry"],"_links":{"self":[{"href":"https:\/\/www.journalquality.info\/fr\/wp-json\/wp\/v2\/pages\/63","targetHints":{"allow":["GET"]}}],"collection":[{"href":"https:\/\/www.journalquality.info\/fr\/wp-json\/wp\/v2\/pages"}],"about":[{"href":"https:\/\/www.journalquality.info\/fr\/wp-json\/wp\/v2\/types\/page"}],"author":[{"embeddable":true,"href":"https:\/\/www.journalquality.info\/fr\/wp-json\/wp\/v2\/users\/1"}],"replies":[{"embeddable":true,"href":"https:\/\/www.journalquality.info\/fr\/wp-json\/wp\/v2\/comments?post=63"}],"version-history":[{"count":9,"href":"https:\/\/www.journalquality.info\/fr\/wp-json\/wp\/v2\/pages\/63\/revisions"}],"predecessor-version":[{"id":225,"href":"https:\/\/www.journalquality.info\/fr\/wp-json\/wp\/v2\/pages\/63\/revisions\/225"}],"up":[{"embeddable":true,"href":"https:\/\/www.journalquality.info\/fr\/wp-json\/wp\/v2\/pages\/49"}],"wp:featuredmedia":[{"embeddable":true,"href":"https:\/\/www.journalquality.info\/fr\/wp-json\/wp\/v2\/media\/83"}],"wp:attachment":[{"href":"https:\/\/www.journalquality.info\/fr\/wp-json\/wp\/v2\/media?parent=63"}],"curies":[{"name":"wp","href":"https:\/\/api.w.org\/{rel}","templated":true}]}}