{"id":70,"date":"2017-05-30T22:30:25","date_gmt":"2017-05-30T22:30:25","guid":{"rendered":"http:\/\/www.journalquality.info\/fr\/?page_id=70"},"modified":"2017-07-25T09:50:04","modified_gmt":"2017-07-25T09:50:04","slug":"trois-etoiles","status":"publish","type":"page","link":"https:\/\/www.journalquality.info\/fr\/jpps-criteria\/trois-etoiles\/","title":{"rendered":"Trois \u00c9toiles"},"content":{"rendered":"<h1>(sur trois possibles)<\/h1>\n<p><strong>En plus de tous les crit\u00e8res pour une revue \u00e0 <a href=\"http:\/\/www.journalquality.info\/fr\/jpps-criteria\/une-etoile\/\">une \u00e9toile<\/a> et <a href=\"http:\/\/www.journalquality.info\/fr\/jpps-criteria\/deux-etoiles\/\">deux \u00e9toiles<\/a>, la revue se conforme aux crit\u00e8res additionnels JPPS suivants et depuis au moins trois ans:<\/strong><\/p>\n<ol>\n<li style=\"list-style-type: none\">\n<ol>\n<li>La revue indique des informations sur les droits d&rsquo;auteur et les licences sur la premi\u00e8re page de chaque article.<\/li>\n<li>La revue indique les ORCID des auteurs (au moins pour l\u2019auteur correspondant, mais de pr\u00e9f\u00e9rence pour tous les auteurs). Voir <a href=\"http:\/\/orcid.org\">orcid.org<\/a> pour plus d&rsquo;informations sur les ORCID.<\/li>\n<li>La revue indique des remerciements pour les financements obtenus par les auteurs en les affichant sur la premi\u00e8re page de chaque article (mais ils peuvent appara\u00eetre sur la derni\u00e8re page).<\/li>\n<li>Les dates de soumission, d&rsquo;acceptation et de publication sont incluses sur la premi\u00e8re page de chaque article.<\/li>\n<li>Les DOI des articles r\u00e9f\u00e9renc\u00e9s sont inclus dans les r\u00e9f\u00e9rences bibliographiques de chaque article.<\/li>\n<li>Les informations sur les frais d&rsquo;abonnement, les frais de gestion, de publication ou similaires sont mentionn\u00e9es dans les instructions aux auteurs. S&rsquo;il n&rsquo;y a pas de frais, cela devrait \u00eatre indiqu\u00e9.<\/li>\n<li>Si la revue poss\u00e8de son propre site Web, les principales affiliations institutionnelles des membres de son comit\u00e9 de r\u00e9daction complet ainsi que de tout autre comit\u00e9 de gouvernance, tels que les comit\u00e9s consultatifs, sont incluses.<\/li>\n<li>Le Comit\u00e9 de r\u00e9daction (et tout comit\u00e9 de soutien) pr\u00e9sente une diversit\u00e9 (ou vari\u00e9t\u00e9) institutionnelle et g\u00e9ographique (ou vari\u00e9s) et id\u00e9alement avec un bon \u00e9quilibre entre les genres.<\/li>\n<li>La revue d\u00e9taille clairement sa politique en mati\u00e8re d\u2019autorisations des auteurs pour inclure l&rsquo;article dans un r\u00e9pertoire \u00e0 libre acc\u00e8s personnel, institutionnel, th\u00e9matique ou autre, que l&rsquo;autorisation concerne la version post-publication ou la version pr\u00e9-publication de l&rsquo;article.<\/li>\n<li>La revue met en oeuvre, et publie de mani\u00e8re publique et transparente, ses politiques sur l&rsquo;\u00e9thique de la publication (codes de conduite morale et respectueuse de l&rsquo;\u00e9dition) et la mauvaise pratique de publication (conduite abusive de l&rsquo;\u00e9dition) sur son propre site Web et sur sa page d&rsquo;accueil JOL, y compris le plagiat, les violations des droits d&rsquo;auteur, les errata, les r\u00e9tractations, les ensembles de donn\u00e9es, les politiques concernant le genre, la race et la langue.<\/li>\n<li>La revue t\u00e9l\u00e9verse son contenu sur la plate-forme JOL.<\/li>\n<li>La revue dispose d&rsquo;un dispositif de conservation num\u00e9rique avec une partie externe, par exemple CLOCKSS (joint-venture ou projet entre certains \u00e9diteurs et biblioth\u00e8ques de recherche pour cr\u00e9er un fonds mondial et fiable d\u2019archives ou un lieu o\u00f9 les documents sont stock\u00e9s).<\/li>\n<li>La revue propose tous les fichiers anciens du contenu archivistique en ligne (via le JOL ou sur son propre site web).<\/li>\n<li>Au moins un num\u00e9ro ou 10 articles sont publi\u00e9s par an (de pr\u00e9f\u00e9rence davantage).\n<p><b>Recommandations<\/b><\/li>\n<li>Il est recommand\u00e9 que les revues incluent des adresses \u00e9lectroniques de contact ou un lien vers l&rsquo;affiliation principale de chaque membre du Comit\u00e9 de R\u00e9daction (connexion \u00e0 une grande organisation, par exemple, une soci\u00e9t\u00e9 ou une universit\u00e9), dans la section \u00ab \u00c0 propos de la revue \u00bb du JOL et sur Le site Web de la revue, s&rsquo;il en a un.<\/li>\n<li>L&rsquo;adh\u00e9sion au COPE (Committee on Publication Ethics ou Comit\u00e9 d\u2019\u00c9thique des Publications) ou \u00e0 l\u2019OASPA (Open Access Scholarly Publishers Association) (pour les revues d\u2019acc\u00e8s libre) est vivement encourag\u00e9e.<\/li>\n<li>Pour que les revues \u00e0 acc\u00e8s libre obtiennent un statut JPPS \u00e0 trois \u00e9toiles, il est vivement conseill\u00e9 de fournir des preuves qu&rsquo;elles r\u00e9pondent aux exigences techniques du DOAJ et aux \u00e9preuves de qualification de DOAJ (voir <a href=\"http:\/\/doaj.org\/application\/new\">doaj.org\/application\/new<\/a>).<\/li>\n<\/ol>\n<\/li>\n<\/ol>\n","protected":false},"excerpt":{"rendered":"<p>(sur trois possibles) En plus de tous les crit\u00e8res pour une revue \u00e0 une \u00e9toile et deux \u00e9toiles, la revue se conforme aux crit\u00e8res additionnels JPPS suivants et depuis au moins trois ans: La revue indique des informations sur les droits d&rsquo;auteur et les licences sur la premi\u00e8re page de chaque article. La revue indique &hellip; <a href=\"https:\/\/www.journalquality.info\/fr\/jpps-criteria\/trois-etoiles\/\" class=\"more-link\">Continue reading<span class=\"screen-reader-text\"> &laquo;&nbsp;Trois \u00c9toiles&nbsp;&raquo;<\/span><\/a><\/p>\n","protected":false},"author":1,"featured_media":79,"parent":49,"menu_order":3,"comment_status":"closed","ping_status":"closed","template":"","meta":{"footnotes":""},"class_list":["post-70","page","type-page","status-publish","has-post-thumbnail","hentry"],"_links":{"self":[{"href":"https:\/\/www.journalquality.info\/fr\/wp-json\/wp\/v2\/pages\/70","targetHints":{"allow":["GET"]}}],"collection":[{"href":"https:\/\/www.journalquality.info\/fr\/wp-json\/wp\/v2\/pages"}],"about":[{"href":"https:\/\/www.journalquality.info\/fr\/wp-json\/wp\/v2\/types\/page"}],"author":[{"embeddable":true,"href":"https:\/\/www.journalquality.info\/fr\/wp-json\/wp\/v2\/users\/1"}],"replies":[{"embeddable":true,"href":"https:\/\/www.journalquality.info\/fr\/wp-json\/wp\/v2\/comments?post=70"}],"version-history":[{"count":7,"href":"https:\/\/www.journalquality.info\/fr\/wp-json\/wp\/v2\/pages\/70\/revisions"}],"predecessor-version":[{"id":226,"href":"https:\/\/www.journalquality.info\/fr\/wp-json\/wp\/v2\/pages\/70\/revisions\/226"}],"up":[{"embeddable":true,"href":"https:\/\/www.journalquality.info\/fr\/wp-json\/wp\/v2\/pages\/49"}],"wp:featuredmedia":[{"embeddable":true,"href":"https:\/\/www.journalquality.info\/fr\/wp-json\/wp\/v2\/media\/79"}],"wp:attachment":[{"href":"https:\/\/www.journalquality.info\/fr\/wp-json\/wp\/v2\/media?parent=70"}],"curies":[{"name":"wp","href":"https:\/\/api.w.org\/{rel}","templated":true}]}}