{"id":75,"date":"2017-05-30T22:33:07","date_gmt":"2017-05-30T22:33:07","guid":{"rendered":"http:\/\/www.journalquality.info\/fr\/?page_id=75"},"modified":"2017-07-25T09:51:50","modified_gmt":"2017-07-25T09:51:50","slug":"titre-inactif","status":"publish","type":"page","link":"https:\/\/www.journalquality.info\/fr\/jpps-criteria\/titre-inactif\/","title":{"rendered":"Titre Inactif"},"content":{"rendered":"<p>Cette revue n&rsquo;est pas \u00e0 jour sur le JOL. Seul le contenu archivistique est h\u00e9berg\u00e9. Cela pourrait \u00eatre d\u00fb \u00e0 un ou plusieurs des \u00e9l\u00e9ments suivants:<\/p>\n<ul>\n<li>La revue a \u00e9t\u00e9 reprise par un \u00e9diteur en dehors de la zone couverte par le JOL, et ne peut donc plus \u00eatre consid\u00e9r\u00e9e.<\/li>\n<li>La revue a cess\u00e9 de publier.<\/li>\n<li>La revue continue de publier, mais a cess\u00e9 d&rsquo;envoyer son contenu au JOL, et le JOL n&rsquo;a pu r\u00e9tablir le contact avec la revue.<\/li>\n<li>La revue conna\u00eet un long d\u00e9lai de publication entre deux num\u00e9ros (un an ou plus).<\/li>\n<\/ul>\n<p><em>NOTE 1 : il incombe \u00e0 la revue de s&rsquo;assurer que son entr\u00e9e JOL est exacte et \u00e0 jour (y compris toutes les informations de contact de la revue, et les noms et informations des membres du Comit\u00e9 de r\u00e9daction) et que le contenu publi\u00e9 r\u00e9cemment est disponible sur le JOL. <\/em><\/p>\n<p><em>NOTE 2 : m\u00eame si une revue a cess\u00e9 de publier ou a \u00e9t\u00e9 reprise par un \u00e9diteur \u00e0 l&rsquo;\u00e9tranger, le contenu archivistique pourrait encore \u00eatre utile \u00e0 la communaut\u00e9 internationale de la recherche, de sorte que le contenu pass\u00e9 est g\u00e9n\u00e9ralement conserv\u00e9 sur le JOL. <\/em><\/p>\n<p><em>NOTE 3 : si la revue conclut un accord de co-publication avec un \u00e9diteur international, de sorte que le contr\u00f4le \u00e9ditorial et la majorit\u00e9 de la gestion de la revue restent dans le pays, y compris le contr\u00f4le de l&rsquo;\u00e9valuation par les pairs, la revue peut rester sur le JOL.<\/em><\/p>\n","protected":false},"excerpt":{"rendered":"<p>Cette revue n&rsquo;est pas \u00e0 jour sur le JOL. Seul le contenu archivistique est h\u00e9berg\u00e9. Cela pourrait \u00eatre d\u00fb \u00e0 un ou plusieurs des \u00e9l\u00e9ments suivants: La revue a \u00e9t\u00e9 reprise par un \u00e9diteur en dehors de la zone couverte par le JOL, et ne peut donc plus \u00eatre consid\u00e9r\u00e9e. La revue a cess\u00e9 de &hellip; <a href=\"https:\/\/www.journalquality.info\/fr\/jpps-criteria\/titre-inactif\/\" class=\"more-link\">Continue reading<span class=\"screen-reader-text\"> &laquo;&nbsp;Titre Inactif&nbsp;&raquo;<\/span><\/a><\/p>\n","protected":false},"author":1,"featured_media":206,"parent":49,"menu_order":5,"comment_status":"closed","ping_status":"closed","template":"","meta":{"footnotes":""},"class_list":["post-75","page","type-page","status-publish","has-post-thumbnail","hentry"],"_links":{"self":[{"href":"https:\/\/www.journalquality.info\/fr\/wp-json\/wp\/v2\/pages\/75","targetHints":{"allow":["GET"]}}],"collection":[{"href":"https:\/\/www.journalquality.info\/fr\/wp-json\/wp\/v2\/pages"}],"about":[{"href":"https:\/\/www.journalquality.info\/fr\/wp-json\/wp\/v2\/types\/page"}],"author":[{"embeddable":true,"href":"https:\/\/www.journalquality.info\/fr\/wp-json\/wp\/v2\/users\/1"}],"replies":[{"embeddable":true,"href":"https:\/\/www.journalquality.info\/fr\/wp-json\/wp\/v2\/comments?post=75"}],"version-history":[{"count":5,"href":"https:\/\/www.journalquality.info\/fr\/wp-json\/wp\/v2\/pages\/75\/revisions"}],"predecessor-version":[{"id":228,"href":"https:\/\/www.journalquality.info\/fr\/wp-json\/wp\/v2\/pages\/75\/revisions\/228"}],"up":[{"embeddable":true,"href":"https:\/\/www.journalquality.info\/fr\/wp-json\/wp\/v2\/pages\/49"}],"wp:featuredmedia":[{"embeddable":true,"href":"https:\/\/www.journalquality.info\/fr\/wp-json\/wp\/v2\/media\/206"}],"wp:attachment":[{"href":"https:\/\/www.journalquality.info\/fr\/wp-json\/wp\/v2\/media?parent=75"}],"curies":[{"name":"wp","href":"https:\/\/api.w.org\/{rel}","templated":true}]}}